{"id":1397,"date":"2022-10-31T16:59:34","date_gmt":"2022-10-31T19:59:34","guid":{"rendered":"http:\/\/datapb.ccae.ufpb.br\/?page_id=1397"},"modified":"2023-12-04T10:28:14","modified_gmt":"2023-12-04T13:28:14","slug":"datapb-e-science","status":"publish","type":"page","link":"https:\/\/datapb.ccae.ufpb.br\/en\/datapb-e-science\/","title":{"rendered":"DATAPB e-Science"},"content":{"rendered":"<div data-colibri-id=\"1397-c1\" class=\"style-465 style-local-1397-c1 position-relative\">\r\n  <!---->\r\n  <div data-colibri-component=\"section\" data-colibri-id=\"1397-c2\" id=\"about\" class=\"h-section h-section-global-spacing d-flex align-items-lg-center align-items-md-center align-items-center style-466 style-local-1397-c2 position-relative\">\r\n    <!---->\r\n    <!---->\r\n    <div class=\"h-section-grid-container h-section-boxed-container\">\r\n      <!---->\r\n      <div data-colibri-id=\"1397-c3\" class=\"h-row-container gutters-row-lg-2 gutters-row-md-2 gutters-row-2 gutters-row-v-lg-2 gutters-row-v-md-2 gutters-row-v-2 style-467 style-local-1397-c3 position-relative\">\r\n        <!---->\r\n        <div class=\"h-row justify-content-lg-center justify-content-md-center justify-content-center align-items-lg-stretch align-items-md-stretch align-items-stretch gutters-col-lg-2 gutters-col-md-2 gutters-col-2 gutters-col-v-lg-2 gutters-col-v-md-2 gutters-col-v-2\">\r\n          <!---->\r\n          <div class=\"h-column h-column-container d-flex h-col-lg-auto h-col-md-auto h-col-auto style-468-outer style-local-1397-c4-outer\">\r\n            <div data-colibri-id=\"1397-c4\" class=\"d-flex h-flex-basis h-column__inner h-px-lg-2 h-px-md-2 h-px-2 v-inner-lg-2 v-inner-md-2 v-inner-2 style-468 style-local-1397-c4 position-relative\">\r\n              <!---->\r\n              <!---->\r\n              <div class=\"w-100 h-y-container h-column__content h-column__v-align flex-basis-100 align-self-lg-center align-self-md-center align-self-center\">\r\n                <!---->\r\n                <div data-colibri-id=\"1397-c5\" class=\"h-global-transition-all h-heading style-469 style-local-1397-c5 position-relative h-element\">\r\n                  <!---->\r\n                  <div class=\"h-heading__outer style-469 style-local-1397-c5\">\r\n                    <!---->\r\n                    <!---->\r\n                    <h5 class=\"\">Um reposit\u00f3rio cient\u00edfico focado na Sustentabilidade<\/h5>\r\n                  <\/div>\r\n                <\/div>\r\n                <div data-colibri-id=\"1397-c6\" class=\"h-global-transition-all h-heading style-470 style-local-1397-c6 position-relative h-element\">\r\n                  <!---->\r\n                  <div class=\"h-heading__outer style-470 style-local-1397-c6\">\r\n                    <!---->\r\n                    <!---->\r\n                    <h3 class=\"\">Coviability&nbsp;<em style=\"color: rgb(247, 144, 7); font-family: &quot;Playfair Display&quot;;\">integra\u00e7\u00e3o de dados <\/em> como base da&nbsp;<em style=\"color: rgb(247, 144, 7); font-family: &quot;Playfair Display&quot;;\">s\u00edntese de conhecimento<\/em>&nbsp;\r\n                      <br>sustentando a inova\u00e7\u00e3o<\/h3>\r\n                  <\/div>\r\n                <\/div>\r\n                <div data-colibri-id=\"1397-c7\" class=\"h-text h-text-component style-471 style-local-1397-c7 position-relative h-element\">\r\n                  <!---->\r\n                  <!---->\r\n                  <div class=\"\">\r\n                    <p>A partir do di\u00e1logo entre a Ci\u00eancia da Informa\u00e7\u00e3o&nbsp; e as Ci\u00eancias da Sustentabilidade, buscamos garantir a acessibilidade, interoperabilidade e reuso de dados ambientais, sociais e econ\u00f4micos que s\u00e3o a mat\u00e9ria-prima da pesquisa\r\n                      e inova\u00e7\u00e3o de car\u00e1ter transdisciplinar.&nbsp;&nbsp;<\/p>\r\n                  <\/div>\r\n                <\/div>\r\n              <\/div>\r\n            <\/div>\r\n          <\/div>\r\n          <div class=\"h-column h-column-container d-flex h-col-lg-auto h-col-md-auto h-col-auto style-474-outer style-local-1397-c8-outer\">\r\n            <div data-colibri-id=\"1397-c8\" class=\"d-flex h-flex-basis h-column__inner h-px-lg-2 h-px-md-2 h-px-2 v-inner-lg-2 v-inner-md-2 v-inner-2 style-474 style-local-1397-c8 position-relative\">\r\n              <!---->\r\n              <!---->\r\n              <div class=\"w-100 h-y-container h-column__content h-column__v-align flex-basis-100 align-self-lg-center align-self-md-center align-self-center\">\r\n                <!---->\r\n                <div data-colibri-id=\"1397-c9\" class=\"d-block style-475 style-local-1397-c9 position-relative h-element\">\r\n                  <!---->\r\n                  <div class=\"h-image__frame-container-outer\">\r\n                    <div class=\"h-image__frame-container\">\r\n                      <!---->\r\n                      <!---->\r\n                      <img decoding=\"async\" src=\"http:\/\/datapb.ccae.ufpb.br\/wp-content\/uploads\/2022\/10\/colibri-image-128.png\" class=\"wp-image-1471 style-475-image style-local-1397-c9-image\" alt=\"\" \/>\r\n                      <div class=\"h-image__frame h-hide-sm style-475-frameImage style-local-1397-c9-frameImage\"><\/div>\r\n                    <\/div>\r\n                  <\/div>\r\n                <\/div>\r\n              <\/div>\r\n            <\/div>\r\n          <\/div>\r\n        <\/div>\r\n      <\/div>\r\n    <\/div>\r\n  <\/div>\r\n  <div data-colibri-component=\"section\" data-colibri-id=\"1397-c10\" id=\"custom\" class=\"h-section h-section-global-spacing d-flex align-items-lg-center align-items-md-center align-items-center style-486 style-local-1397-c10 position-relative\">\r\n    <!---->\r\n    <!---->\r\n    <div class=\"h-section-grid-container h-section-boxed-container\">\r\n      <!---->\r\n      <div data-colibri-id=\"1397-c11\" class=\"h-row-container gutters-row-lg-2 gutters-row-md-2 gutters-row-0 gutters-row-v-lg-2 gutters-row-v-md-2 gutters-row-v-2 style-487 style-local-1397-c11 position-relative\">\r\n        <!---->\r\n        <div class=\"h-row justify-content-lg-center justify-content-md-center justify-content-center align-items-lg-stretch align-items-md-stretch align-items-stretch gutters-col-lg-2 gutters-col-md-2 gutters-col-0 gutters-col-v-lg-2 gutters-col-v-md-2 gutters-col-v-2\">\r\n          <!---->\r\n          <div class=\"h-column h-column-container d-flex h-col-lg-auto h-col-md-auto h-col-auto style-488-outer style-local-1397-c12-outer\">\r\n            <div data-colibri-id=\"1397-c12\" class=\"d-flex h-flex-basis h-column__inner h-px-lg-2 h-px-md-2 h-px-2 v-inner-lg-2 v-inner-md-2 v-inner-2 style-488 style-local-1397-c12 position-relative\">\r\n              <!---->\r\n              <!---->\r\n              <div class=\"w-100 h-y-container h-column__content h-column__v-align flex-basis-100 align-self-lg-start align-self-md-start align-self-start\">\r\n                <!---->\r\n                <div data-colibri-id=\"1397-c13\" class=\"h-text h-text-component style-489 style-local-1397-c13 position-relative h-element\">\r\n                  <!---->\r\n                  <!---->\r\n                  <div class=\"\">\r\n                    <p>O m\u00f3dulo DATAPB e-Science ser\u00e1 o cora\u00e7\u00e3o do projeto, pois dele fluir\u00e3o as informa\u00e7\u00f5es que alimentar\u00e3o as ferramentas de an\u00e1lise de dados e outras ferramentas interativas dos m\u00f3dulos DATAPB Governan\u00e7a Sustent\u00e1vel e DATAPB Educa\u00e7\u00e3o Socioambiental,\r\n                      as quais ser\u00e3o usadas nos projetos-piloto demonstrativos. \u00c9 importante ressaltar que a aplicabilidade dos dados a serem disponibilizados pelo DATAPB e-Science (veja item 10.1.2.4) transcender\u00e1 as ferramentas interativas de governan\u00e7a\r\n                      e educa\u00e7\u00e3o supracitadas uma vez que, por princ\u00edpio, o reposit\u00f3rio tem como um objetivo fundamental garantir a ampla reutiliza\u00e7\u00e3o de seus conjuntos de dados e pode ser utilizado por quaisquer pesquisadores ou aplica\u00e7\u00f5es automatizadas\r\n                      programadas para essa finalidade. As refer\u00eancias paradigm\u00e1ticas que nortear\u00e3o o desenvolvimento do DATAPB e-Science incluem:<\/p>\r\n                    <ul>\r\n                      <li>ci\u00eancia aberta, que se refere a princ\u00edpios e pr\u00e1ticas de pesquisa colaborativa em rede associadas (i) ao&nbsp;acesso amplo e irrestrito ao conhecimento cient\u00edfico, particularmente no que se refere a dados e artigos, (ii) \u00e0 democratiza\u00e7\u00e3o\r\n                        das arquiteturas tecnol\u00f3gicas e informacionais subjacentes \u00e0 produ\u00e7\u00e3o do conhecimento, (iii) a novas formas de ensino e governan\u00e7a transformadoras da realidade social, econ\u00f4mica e ambiental integradas aos processos de produ\u00e7\u00e3o\r\n                        e comunica\u00e7\u00e3o do conhecimento cient\u00edfico (Fecher &amp; Friesike 2014; Kunst &amp; Degkwitz 2018);&nbsp;<\/li>\r\n                      <li>coviabilidade socioecol\u00f3gica, uma vis\u00e3o emergente sobre a sustentabilidade que sup\u00f5e que pol\u00edticas e estrat\u00e9gias de sustentabilidade podem ser constru\u00eddas a partir de m\u00faltiplas possibilidades de coexist\u00eancia persistente e funcional\r\n                        entre humanos e n\u00e3o-humanos, sob uma abordagem de sistemas adaptativos complexos que busca fomentar a compreens\u00e3o e manejo da diversidade, conectividade e funcionalidade de sistemas socioecol\u00f3gicos, garantindo o bem-estar social\r\n                        e a integridade dos ecossistemas (Biggs et al. 2012, Barri\u00e8re et al. 2019a,b);<\/li>\r\n                      <li>governan\u00e7a adaptativa, uma abordagem para o uso de recursos comuns que visa promover novas formas de gest\u00e3o territorial que combinam a produ\u00e7\u00e3o e aplica\u00e7\u00e3o do conhecimento cient\u00edfico com mecanismos de participa\u00e7\u00e3o democr\u00e1tica, aprendizagem\r\n                        social e coopera\u00e7\u00f5es multi-institucionais amplas, incluindo diferentes setores da sociedade em redes de transforma\u00e7\u00e3o que geram inova\u00e7\u00f5es e respostas din\u00e2micas e adaptativas \u00e0s crises econ\u00f4mica, social e ecol\u00f3gica (Djalante et\r\n                        al. 2011, Colloff et al. 2017);<\/li>\r\n                      <li>e-Science, um paradigma cient\u00edfico emergente que integra desenvolvimento te\u00f3rico, experimenta\u00e7\u00e3o e simula\u00e7\u00f5es computacionais (veja item 10.1.2.2) e beneficia-se de dispositivos tecnol\u00f3gicos que processam dados e geram informa\u00e7\u00e3o\r\n                        massivamente, configurando-se como uma ciberinfraestrutura que permite a compreens\u00e3o e previs\u00e3o dos fen\u00f4menos naturais e sociais de forma sint\u00e9tica e transdisciplinar &#8212; assim fazendo uso da acumula\u00e7\u00e3o exponencialmente crescente\r\n                        de informa\u00e7\u00e3o cient\u00edfica que caracteriza a era do Big Data (Borgman 2015).<\/li>\r\n                    <\/ul>\r\n                    <p>A converg\u00eancia das refer\u00eancias paradigm\u00e1ticas sumarizadas acima sustenta uma abordagem transdisciplinar integradora de teorias e m\u00e9todos das Ci\u00eancias Biol\u00f3gicas, Exatas e Humanas com potencial para catalisar novas s\u00ednteses de conhecimento\r\n                      que amparem a constru\u00e7\u00e3o das diferentes dimens\u00f5es da sustentabilidade com base em an\u00e1lises de dados e m\u00faltiplos desdobramentos metodol\u00f3gicos poss\u00edveis, incluindo modelagem e m\u00e9todos de intelig\u00eancia artificial. Juntas, essas refer\u00eancias\r\n                      constituem um s\u00f3lido alicerce para o desenvolvimento do DATAPB como um inovador reposit\u00f3rio de dados abertos associado a ferramentas de pesquisa governan\u00e7a e educa\u00e7\u00e3o com potencial para fomentar amplamente a constru\u00e7\u00e3o social da\r\n                      sustentabilidade no estado da Para\u00edba.<\/p>\r\n                    <p>\r\n                      <br>\r\n                    <\/p>\r\n                    <p>\r\n                      <br>\r\n                    <\/p>\r\n                  <\/div>\r\n                <\/div>\r\n              <\/div>\r\n            <\/div>\r\n          <\/div>\r\n        <\/div>\r\n      <\/div>\r\n    <\/div>\r\n  <\/div>\r\n<\/div>","protected":false},"excerpt":{"rendered":"<p>Um reposit\u00f3rio cient\u00edfico focado na Sustentabilidade A&nbsp;integra\u00e7\u00e3o de dados como base da&nbsp;s\u00edntese de conhecimento&nbsp; sustentando a inova\u00e7\u00e3o A partir do di\u00e1logo entre a Ci\u00eancia da Informa\u00e7\u00e3o&nbsp; e as Ci\u00eancias da Sustentabilidade, buscamos garantir a acessibilidade, interoperabilidade e reuso de dados ambientais, sociais e econ\u00f4micos que s\u00e3o a mat\u00e9ria-prima da pesquisa e inova\u00e7\u00e3o de car\u00e1ter transdisciplinar.&nbsp;&nbsp; [&hellip;]<\/p>","protected":false},"author":2,"featured_media":0,"parent":0,"menu_order":0,"comment_status":"closed","ping_status":"closed","template":"","meta":{"footnotes":""},"class_list":["post-1397","page","type-page","status-publish","hentry"],"yoast_head":"<!-- This site is optimized with the Yoast SEO plugin v26.0 - https:\/\/yoast.com\/wordpress\/plugins\/seo\/ -->\n<title>DATAPB e-Science - DATAPB<\/title>\n<meta name=\"robots\" content=\"index, follow, max-snippet:-1, max-image-preview:large, max-video-preview:-1\" \/>\n<link rel=\"canonical\" href=\"https:\/\/datapb.ccae.ufpb.br\/en\/datapb-e-science\/\" \/>\n<meta property=\"og:locale\" content=\"en_US\" \/>\n<meta property=\"og:type\" content=\"article\" \/>\n<meta property=\"og:title\" content=\"DATAPB e-Science - DATAPB\" \/>\n<meta property=\"og:description\" content=\"Um reposit\u00f3rio cient\u00edfico focado na Sustentabilidade A&nbsp;integra\u00e7\u00e3o de dados como base da&nbsp;s\u00edntese de conhecimento&nbsp; sustentando a inova\u00e7\u00e3o A partir do di\u00e1logo entre a Ci\u00eancia da Informa\u00e7\u00e3o&nbsp; e as Ci\u00eancias da Sustentabilidade, buscamos garantir a acessibilidade, interoperabilidade e reuso de dados ambientais, sociais e econ\u00f4micos que s\u00e3o a mat\u00e9ria-prima da pesquisa e inova\u00e7\u00e3o de car\u00e1ter transdisciplinar.&nbsp;&nbsp; [&hellip;]\" \/>\n<meta property=\"og:url\" content=\"https:\/\/datapb.ccae.ufpb.br\/en\/datapb-e-science\/\" \/>\n<meta property=\"og:site_name\" content=\"DATAPB\" \/>\n<meta property=\"article:modified_time\" content=\"2023-12-04T13:28:14+00:00\" \/>\n<meta property=\"og:image\" content=\"http:\/\/datapb.ccae.ufpb.br\/wp-content\/uploads\/2022\/10\/colibri-image-128.png\" \/>\n<meta name=\"twitter:card\" content=\"summary_large_image\" \/>\n<meta name=\"twitter:label1\" content=\"Est. reading time\" \/>\n\t<meta name=\"twitter:data1\" content=\"4 minutes\" \/>\n<script type=\"application\/ld+json\" class=\"yoast-schema-graph\">{\"@context\":\"https:\/\/schema.org\",\"@graph\":[{\"@type\":\"WebPage\",\"@id\":\"https:\/\/datapb.ccae.ufpb.br\/datapb-e-science\/\",\"url\":\"https:\/\/datapb.ccae.ufpb.br\/datapb-e-science\/\",\"name\":\"DATAPB e-Science - DATAPB\",\"isPartOf\":{\"@id\":\"https:\/\/datapb.ccae.ufpb.br\/#website\"},\"primaryImageOfPage\":{\"@id\":\"https:\/\/datapb.ccae.ufpb.br\/datapb-e-science\/#primaryimage\"},\"image\":{\"@id\":\"https:\/\/datapb.ccae.ufpb.br\/datapb-e-science\/#primaryimage\"},\"thumbnailUrl\":\"http:\/\/datapb.ccae.ufpb.br\/wp-content\/uploads\/2022\/10\/colibri-image-128.png\",\"datePublished\":\"2022-10-31T19:59:34+00:00\",\"dateModified\":\"2023-12-04T13:28:14+00:00\",\"inLanguage\":\"en-US\",\"potentialAction\":[{\"@type\":\"ReadAction\",\"target\":[\"https:\/\/datapb.ccae.ufpb.br\/datapb-e-science\/\"]}]},{\"@type\":\"ImageObject\",\"inLanguage\":\"en-US\",\"@id\":\"https:\/\/datapb.ccae.ufpb.br\/datapb-e-science\/#primaryimage\",\"url\":\"http:\/\/datapb.ccae.ufpb.br\/wp-content\/uploads\/2022\/10\/colibri-image-128.png\",\"contentUrl\":\"http:\/\/datapb.ccae.ufpb.br\/wp-content\/uploads\/2022\/10\/colibri-image-128.png\"},{\"@type\":\"WebSite\",\"@id\":\"https:\/\/datapb.ccae.ufpb.br\/#website\",\"url\":\"https:\/\/datapb.ccae.ufpb.br\/\",\"name\":\"DATAPB\",\"description\":\"Ci\u00eancia Aberta para a Sustentabilidade\",\"publisher\":{\"@id\":\"https:\/\/datapb.ccae.ufpb.br\/#organization\"},\"potentialAction\":[{\"@type\":\"SearchAction\",\"target\":{\"@type\":\"EntryPoint\",\"urlTemplate\":\"https:\/\/datapb.ccae.ufpb.br\/?s={search_term_string}\"},\"query-input\":{\"@type\":\"PropertyValueSpecification\",\"valueRequired\":true,\"valueName\":\"search_term_string\"}}],\"inLanguage\":\"en-US\"},{\"@type\":\"Organization\",\"@id\":\"https:\/\/datapb.ccae.ufpb.br\/#organization\",\"name\":\"DATAPB\",\"url\":\"https:\/\/datapb.ccae.ufpb.br\/\",\"logo\":{\"@type\":\"ImageObject\",\"inLanguage\":\"en-US\",\"@id\":\"https:\/\/datapb.ccae.ufpb.br\/#\/schema\/logo\/image\/\",\"url\":\"\",\"contentUrl\":\"\",\"caption\":\"DATAPB\"},\"image\":{\"@id\":\"https:\/\/datapb.ccae.ufpb.br\/#\/schema\/logo\/image\/\"}}]}<\/script>\n<!-- \/ Yoast SEO plugin. -->","yoast_head_json":{"title":"DATAPB e-Science - DATAPB","robots":{"index":"index","follow":"follow","max-snippet":"max-snippet:-1","max-image-preview":"max-image-preview:large","max-video-preview":"max-video-preview:-1"},"canonical":"https:\/\/datapb.ccae.ufpb.br\/en\/datapb-e-science\/","og_locale":"en_US","og_type":"article","og_title":"DATAPB e-Science - DATAPB","og_description":"Um reposit\u00f3rio cient\u00edfico focado na Sustentabilidade A&nbsp;integra\u00e7\u00e3o de dados como base da&nbsp;s\u00edntese de conhecimento&nbsp; sustentando a inova\u00e7\u00e3o A partir do di\u00e1logo entre a Ci\u00eancia da Informa\u00e7\u00e3o&nbsp; e as Ci\u00eancias da Sustentabilidade, buscamos garantir a acessibilidade, interoperabilidade e reuso de dados ambientais, sociais e econ\u00f4micos que s\u00e3o a mat\u00e9ria-prima da pesquisa e inova\u00e7\u00e3o de car\u00e1ter transdisciplinar.&nbsp;&nbsp; [&hellip;]","og_url":"https:\/\/datapb.ccae.ufpb.br\/en\/datapb-e-science\/","og_site_name":"DATAPB","article_modified_time":"2023-12-04T13:28:14+00:00","og_image":[{"url":"http:\/\/datapb.ccae.ufpb.br\/wp-content\/uploads\/2022\/10\/colibri-image-128.png","type":"","width":"","height":""}],"twitter_card":"summary_large_image","twitter_misc":{"Est. reading time":"4 minutes"},"schema":{"@context":"https:\/\/schema.org","@graph":[{"@type":"WebPage","@id":"https:\/\/datapb.ccae.ufpb.br\/datapb-e-science\/","url":"https:\/\/datapb.ccae.ufpb.br\/datapb-e-science\/","name":"DATAPB e-Science - DATAPB","isPartOf":{"@id":"https:\/\/datapb.ccae.ufpb.br\/#website"},"primaryImageOfPage":{"@id":"https:\/\/datapb.ccae.ufpb.br\/datapb-e-science\/#primaryimage"},"image":{"@id":"https:\/\/datapb.ccae.ufpb.br\/datapb-e-science\/#primaryimage"},"thumbnailUrl":"http:\/\/datapb.ccae.ufpb.br\/wp-content\/uploads\/2022\/10\/colibri-image-128.png","datePublished":"2022-10-31T19:59:34+00:00","dateModified":"2023-12-04T13:28:14+00:00","inLanguage":"en-US","potentialAction":[{"@type":"ReadAction","target":["https:\/\/datapb.ccae.ufpb.br\/datapb-e-science\/"]}]},{"@type":"ImageObject","inLanguage":"en-US","@id":"https:\/\/datapb.ccae.ufpb.br\/datapb-e-science\/#primaryimage","url":"http:\/\/datapb.ccae.ufpb.br\/wp-content\/uploads\/2022\/10\/colibri-image-128.png","contentUrl":"http:\/\/datapb.ccae.ufpb.br\/wp-content\/uploads\/2022\/10\/colibri-image-128.png"},{"@type":"WebSite","@id":"https:\/\/datapb.ccae.ufpb.br\/#website","url":"https:\/\/datapb.ccae.ufpb.br\/","name":"DATAPB","description":"Ci\u00eancia Aberta para a Sustentabilidade","publisher":{"@id":"https:\/\/datapb.ccae.ufpb.br\/#organization"},"potentialAction":[{"@type":"SearchAction","target":{"@type":"EntryPoint","urlTemplate":"https:\/\/datapb.ccae.ufpb.br\/?s={search_term_string}"},"query-input":{"@type":"PropertyValueSpecification","valueRequired":true,"valueName":"search_term_string"}}],"inLanguage":"en-US"},{"@type":"Organization","@id":"https:\/\/datapb.ccae.ufpb.br\/#organization","name":"DATAPB","url":"https:\/\/datapb.ccae.ufpb.br\/","logo":{"@type":"ImageObject","inLanguage":"en-US","@id":"https:\/\/datapb.ccae.ufpb.br\/#\/schema\/logo\/image\/","url":"","contentUrl":"","caption":"DATAPB"},"image":{"@id":"https:\/\/datapb.ccae.ufpb.br\/#\/schema\/logo\/image\/"}}]}},"_links":{"self":[{"href":"https:\/\/datapb.ccae.ufpb.br\/en\/wp-json\/wp\/v2\/pages\/1397","targetHints":{"allow":["GET"]}}],"collection":[{"href":"https:\/\/datapb.ccae.ufpb.br\/en\/wp-json\/wp\/v2\/pages"}],"about":[{"href":"https:\/\/datapb.ccae.ufpb.br\/en\/wp-json\/wp\/v2\/types\/page"}],"author":[{"embeddable":true,"href":"https:\/\/datapb.ccae.ufpb.br\/en\/wp-json\/wp\/v2\/users\/2"}],"replies":[{"embeddable":true,"href":"https:\/\/datapb.ccae.ufpb.br\/en\/wp-json\/wp\/v2\/comments?post=1397"}],"version-history":[{"count":0,"href":"https:\/\/datapb.ccae.ufpb.br\/en\/wp-json\/wp\/v2\/pages\/1397\/revisions"}],"wp:attachment":[{"href":"https:\/\/datapb.ccae.ufpb.br\/en\/wp-json\/wp\/v2\/media?parent=1397"}],"curies":[{"name":"wp","href":"https:\/\/api.w.org\/{rel}","templated":true}]}}