{"id":185,"date":"2015-06-17T06:22:56","date_gmt":"2015-06-17T09:22:56","guid":{"rendered":"http:\/\/demo.themegrill.com\/colormag\/?page_id=185"},"modified":"2023-01-19T16:37:53","modified_gmt":"2023-01-19T19:37:53","slug":"dataverse","status":"publish","type":"page","link":"https:\/\/datapb.ccae.ufpb.br\/en\/dataverse\/","title":{"rendered":"Dataverse DATAPB"},"content":{"rendered":"<div data-colibri-id=\"185-c1\" class=\"style-1338 style-local-185-c1 position-relative\">\n  <!---->\n<div data-colibri-component=\"section\" data-colibri-id=\"185-c2\" id=\"initial-content\" class=\"h-section h-section-global-spacing d-flex align-items-lg-center align-items-md-center align-items-center style-1339 style-local-185-c2 position-relative\">\n    <!---->\n<!---->\n<div class=\"h-section-grid-container h-section-boxed-container\">\n      <!---->\n<div data-colibri-id=\"185-c3\" class=\"h-row-container gutters-row-lg-2 gutters-row-md-2 gutters-row-0 gutters-row-v-lg-2 gutters-row-v-md-2 gutters-row-v-2 style-1340 style-local-185-c3 position-relative\">\n        <!---->\n<div class=\"h-row justify-content-lg-center justify-content-md-center justify-content-center align-items-lg-stretch align-items-md-stretch align-items-stretch gutters-col-lg-2 gutters-col-md-2 gutters-col-0 gutters-col-v-lg-2 gutters-col-v-md-2 gutters-col-v-2\">\n          <!---->\n<div class=\"h-column h-column-container d-flex h-col-lg-auto h-col-md-auto h-col-auto style-1341-outer style-local-185-c4-outer\">\n<div data-colibri-id=\"185-c4\" class=\"d-flex h-flex-basis h-column__inner h-px-lg-2 h-px-md-2 h-px-2 v-inner-lg-2 v-inner-md-2 v-inner-2 style-1341 style-local-185-c4 position-relative\">\n              <!---->\n<!---->\n<div class=\"w-100 h-y-container h-column__content h-column__v-align flex-basis-100 align-self-lg-start align-self-md-start align-self-start\">\n                <!---->\n<div data-colibri-id=\"185-c5\" class=\"style-1342 style-local-185-c5 position-relative h-element\">\n                  <!---->\n<div>\n<blockquote>Nesta p\u00e1gina teremos o\n<a href=\"http:\/\/200.129.102.152\/\">link para o Dataverse<\/a>, que j\u00e1 est\u00e1 ativo e tamb\u00e9m os links para o Atlas de Sustentabilidade da Para\u00edba e para os dashboards customiz\u00e1veis.<\/blockquote>\nOs conte\u00fados estar\u00e3o estruturados como uma combina\u00e7\u00e3o de texto e m\u00f3dulos ilustrativos.\n\n<\/div>\n<style>\n       .errordiv { padding:10px; margin:10px; border: 1px solid #555555;color: #000000;background-color: #f8f8f8; width:500px; }#advanced_iframe {visibility:visible;opacity:1;vertical-align:top;}.ai-info-bottom-iframe { position: fixed; z-index: 10000; bottom:0; left: 0; margin: 0px; text-align: center; width: 100%; background-color: #ff9999; padding-left: 5px;padding-bottom: 5px; border-top: 1px solid #aaa } a.ai-bold {font-weight: bold;}#ai-layer-div-advanced_iframe p {height:100%;margin:0;padding:0}<\/style><script type=\"text\/javascript\">var ai_iframe_width_advanced_iframe = 0;var ai_iframe_height_advanced_iframe = 0;var aiOnloadScrollTop=\"true\";var aiShowDebug=false;\n\t\tif (typeof aiReadyCallbacks === 'undefined') {\n\t\t\tvar aiReadyCallbacks = [];\n\t\t} else if (!(aiReadyCallbacks instanceof Array)) {\n\t\t\tvar aiReadyCallbacks = [];\n\t\t}    function aiShowIframeId(id_iframe) { jQuery(\"#\"+id_iframe).css(\"visibility\", \"visible\");    }    function aiResizeIframeHeight(height) { aiResizeIframeHeight(height,advanced_iframe); }    function aiResizeIframeHeightId(height,width,id) {aiResizeIframeHeightById(id,height);}<\/script>Http iframes are not shown in https pages in many major browsers. Please read <a href=\"\/\/www.advanced-iframe.com\/iframe-do-not-mix-http-and-https\" target=\"_blank\">this post<\/a> for details.<iframe id=\"advanced_iframe\"  name=\"advanced_iframe\"  src=\"http:\/\/dataverse.ccae.ufpb.br\/\"  width=\"100%\"  height=\"600\"  frameborder=\"0\"  border=\"0\"  allowtransparency=\"true\"  loading=\"lazy\"  style=\";border-width: 0px;;border: none;;width:100%;height:600px;\" ><\/iframe><script type=\"text\/javascript\">var ifrm_advanced_iframe = document.getElementById(\"advanced_iframe\");var hiddenTabsDoneadvanced_iframe = false;\nfunction resizeCallbackadvanced_iframe() {}<\/script><script type=\"text\/javascript\"><\/script><p style=\"display:block !important; visibility:visible !important;margin: -18px 14px 0 0;padding-left: 3px;padding-top:3px;background: white; overflow: hidden; position: relative; line-height:15px;width: fit-content;\"><small style=\"display:block !important;visibility:visible !important\">powered by Advanced iFrame<\/small><\/p>\n\n<\/div>\n<\/div>\n<\/div>\n<\/div>\n<\/div>\n<\/div>\n<\/div>\n<\/div>\n<div data-colibri-component=\"section\" data-colibri-id=\"185-c6\" id=\"counters\" class=\"h-section h-section-global-spacing d-flex align-items-lg-center align-items-md-center align-items-center style-1343 style-local-185-c6 position-relative\">\n    <!---->\n<!---->\n<div class=\"h-section-grid-container h-section-boxed-container\">\n<div data-colibri-id=\"185-c16\" class=\"h-row-container gutters-row-lg-2 gutters-row-md-2 gutters-row-0 gutters-row-v-lg-2 gutters-row-v-md-2 gutters-row-v-2 style-1351 style-local-185-c16 position-relative\">\n        <!---->\n<div class=\"h-row justify-content-lg-center justify-content-md-center justify-content-center align-items-lg-stretch align-items-md-stretch align-items-stretch gutters-col-lg-2 gutters-col-md-2 gutters-col-0 gutters-col-v-lg-2 gutters-col-v-md-2 gutters-col-v-2\">\n          <!---->\n<div class=\"h-column h-column-container d-flex h-col-lg-auto h-col-md-auto h-col-auto style-1352-outer style-local-185-c17-outer\">\n<div data-colibri-id=\"185-c17\" class=\"d-flex h-flex-basis h-column__inner h-px-lg-2 h-px-md-2 h-px-2 v-inner-lg-2 v-inner-md-2 v-inner-2 style-1352 style-local-185-c17 position-relative\">\n              <!---->\n<!---->\n<div class=\"w-100 h-y-container h-column__content h-column__v-align flex-basis-100 align-self-lg-start align-self-md-start align-self-start\">\n                <!---->\n<div data-colibri-id=\"185-c18\" class=\"h-global-transition-all h-heading style-1353 style-local-185-c18 position-relative h-element\">\n                  <!---->\n<div class=\"h-heading__outer style-1353 style-local-185-c18\">\n                    <!---->\n<!---->\n<h2 class=\"\">Our work in numbers<\/h2>\n<\/div>\n<\/div>\n<div data-colibri-id=\"185-c19\" class=\"h-lead h-text h-text-component style-1354 style-local-185-c19 position-relative h-element\">\n                  <!---->\n<!---->\n<div class=\"\">\n\nLorem ipsum dolor sit amet, at mei dolore tritani repudiandae. In his nemore temporibus consequuntur, vim ad prima vivendum consetetur.\n\n<\/div>\n<\/div>\n<\/div>\n<\/div>\n<\/div>\n<\/div>\n<\/div>\n<div data-colibri-id=\"185-c7\" class=\"h-row-container gutters-row-lg-2 gutters-row-md-2 gutters-row-0 gutters-row-v-lg-2 gutters-row-v-md-2 gutters-row-v-2 style-1344 style-local-185-c7 position-relative\">\n        <!---->\n<div class=\"h-row justify-content-lg-center justify-content-md-center justify-content-center align-items-lg-stretch align-items-md-stretch align-items-stretch gutters-col-lg-2 gutters-col-md-2 gutters-col-0 gutters-col-v-lg-2 gutters-col-v-md-2 gutters-col-v-2\">\n          <!---->\n<div class=\"h-column h-column-container d-flex h-col-lg-3 h-col-md-3 h-col-6 style-1345-outer style-local-185-c8-outer\">\n<div data-colibri-id=\"185-c8\" class=\"d-flex h-flex-basis h-column__inner h-px-lg-2 h-px-md-2 h-px-2 v-inner-lg-2 v-inner-md-2 v-inner-2 style-1345 style-local-185-c8 position-relative\">\n              <!---->\n<!---->\n<div class=\"w-100 h-y-container h-column__content h-column__v-align flex-basis-100 align-self-lg-start align-self-md-start align-self-start\">\n                <!---->\n<div data-colibri-component=\"counter\" data-colibri-id=\"185-c9\" class=\"h-counter style-1346 style-local-185-c9 position-relative h-element\">\n                  <!---->\n<div class=\"d-inline-block container-counters\">\n                    <!---->\n<div class=\"counter-container d-flex justify-content-lg-center justify-content-md-center justify-content-center\">\n<div class=\"circle h-circle-progress colibri-counter-2\">\n                        <canvas width=\"200\" height=\"200\"><\/canvas>\n<div class=\"circle-percent-text-body\"><span class=\"percent-text\" style=\"font-size: 50px;\"><\/span>\n<div class=\"text-center counter-title title-circle\">\n                            Years<\/div>\n<div class=\"counter-content d-flex text-center align-items-center\">\n                            <!----><span class=\"h-counter h-counter-control circle-counter d-block w-100 colibri-counter-3\">\n0\n<\/span><\/div>\n<\/div>\n<\/div>\n<\/div>\n<\/div>\n<\/div>\n<\/div>\n<\/div>\n<\/div>\n<div class=\"h-column h-column-container d-flex h-col-lg-3 h-col-md-3 h-col-6 style-1347-outer style-local-185-c10-outer\">\n<div data-colibri-id=\"185-c10\" class=\"d-flex h-flex-basis h-column__inner h-px-lg-2 h-px-md-2 h-px-2 v-inner-lg-2 v-inner-md-2 v-inner-2 style-1347 style-local-185-c10 position-relative\">\n              <!---->\n<!---->\n<div class=\"w-100 h-y-container h-column__content h-column__v-align flex-basis-100 align-self-lg-start align-self-md-start align-self-start\">\n                <!---->\n<div data-colibri-component=\"counter\" data-colibri-id=\"185-c11\" class=\"h-counter style-1348 style-local-185-c11 position-relative h-element\">\n                  <!---->\n<div class=\"d-inline-block container-counters\">\n                    <!---->\n<div class=\"counter-container d-flex justify-content-lg-center justify-content-md-center justify-content-center\">\n<div class=\"circle h-circle-progress colibri-counter-2\">\n                        <canvas width=\"200\" height=\"200\"><\/canvas>\n<div class=\"circle-percent-text-body\"><span class=\"percent-text\" style=\"font-size: 50px;\"><\/span>\n<div class=\"text-center counter-title title-circle\">\n                            Months<\/div>\n<div class=\"counter-content d-flex text-center align-items-center\">\n                            <!----><span class=\"h-counter h-counter-control circle-counter d-block w-100 colibri-counter-3\">\n0\n<\/span><\/div>\n<\/div>\n<\/div>\n<\/div>\n<\/div>\n<\/div>\n<\/div>\n<\/div>\n<\/div>\n<div class=\"h-column h-column-container d-flex h-col-lg-3 h-col-md-3 h-col-6 style-1345-outer style-local-185-c12-outer\">\n<div data-colibri-id=\"185-c12\" class=\"d-flex h-flex-basis h-column__inner h-px-lg-2 h-px-md-2 h-px-2 v-inner-lg-2 v-inner-md-2 v-inner-2 style-1345 style-local-185-c12 position-relative\">\n              <!---->\n<!---->\n<div class=\"w-100 h-y-container h-column__content h-column__v-align flex-basis-100 align-self-lg-start align-self-md-start align-self-start\">\n                <!---->\n<div data-colibri-component=\"counter\" data-colibri-id=\"185-c13\" class=\"h-counter style-1349 style-local-185-c13 position-relative h-element\">\n                  <!---->\n<div class=\"d-inline-block container-counters\">\n                    <!---->\n<div class=\"counter-container d-flex justify-content-lg-center justify-content-md-center justify-content-center\">\n<div class=\"circle h-circle-progress colibri-counter-2\">\n                        <canvas width=\"200\" height=\"200\"><\/canvas>\n<div class=\"circle-percent-text-body\"><span class=\"percent-text\" style=\"font-size: 50px;\"><\/span>\n<div class=\"text-center counter-title title-circle\">\n                            Days<\/div>\n<div class=\"counter-content d-flex text-center align-items-center\">\n                            <!----><span class=\"h-counter h-counter-control circle-counter d-block w-100 colibri-counter-3\">\n0\n<\/span><\/div>\n<\/div>\n<\/div>\n<\/div>\n<\/div>\n<\/div>\n<\/div>\n<\/div>\n<\/div>\n<div class=\"h-column h-column-container d-flex h-col-lg-3 h-col-md-3 h-col-6 style-1345-outer style-local-185-c14-outer\">\n<div data-colibri-id=\"185-c14\" class=\"d-flex h-flex-basis h-column__inner h-px-lg-2 h-px-md-2 h-px-2 v-inner-lg-2 v-inner-md-2 v-inner-2 style-1345 style-local-185-c14 position-relative\">\n              <!---->\n<!---->\n<div class=\"w-100 h-y-container h-column__content h-column__v-align flex-basis-100 align-self-lg-start align-self-md-start align-self-start\">\n                <!---->\n<div data-colibri-component=\"counter\" data-colibri-id=\"185-c15\" class=\"h-counter style-1350 style-local-185-c15 position-relative h-element\">\n                  <!---->\n<div class=\"d-inline-block container-counters\">\n                    <!---->\n<div class=\"counter-container d-flex justify-content-lg-center justify-content-md-center justify-content-center\">\n<div class=\"circle h-circle-progress colibri-counter-2\">\n                        <canvas width=\"200\" height=\"200\"><\/canvas>\n<div class=\"circle-percent-text-body\"><span class=\"percent-text\" style=\"font-size: 50px;\"><\/span>\n<div class=\"text-center counter-title title-circle\">\n                            Hours<\/div>\n<div class=\"counter-content d-flex text-center align-items-center\">\n                            <!----><span class=\"h-counter h-counter-control circle-counter d-block w-100 colibri-counter-3\">\n0\n<\/span><\/div>\n<\/div>\n<\/div>\n<\/div>\n<\/div>\n<\/div>\n<\/div>\n<\/div>\n<\/div>\n<\/div>\n<\/div>\n<\/div>\n<\/div>\n<\/div>","protected":false},"excerpt":{"rendered":"<p>Nesta p\u00e1gina teremos o link para o Dataverse, que j\u00e1 est\u00e1 ativo e tamb\u00e9m os links para o Atlas de Sustentabilidade da Para\u00edba e para os dashboards customiz\u00e1veis. Os conte\u00fados estar\u00e3o estruturados como uma combina\u00e7\u00e3o de texto e m\u00f3dulos ilustrativos. Our work in numbers Lorem ipsum dolor sit amet, at mei dolore tritani repudiandae. In [&hellip;]<\/p>","protected":false},"author":2,"featured_media":0,"parent":0,"menu_order":0,"comment_status":"closed","ping_status":"closed","template":"","meta":{"footnotes":""},"class_list":["post-185","page","type-page","status-publish","hentry"],"yoast_head":"<!-- This site is optimized with the Yoast SEO plugin v26.0 - https:\/\/yoast.com\/wordpress\/plugins\/seo\/ -->\n<title>Dataverse DATAPB - DATAPB<\/title>\n<meta name=\"robots\" content=\"index, follow, max-snippet:-1, max-image-preview:large, max-video-preview:-1\" \/>\n<link rel=\"canonical\" href=\"https:\/\/datapb.ccae.ufpb.br\/en\/dataverse\/\" \/>\n<meta property=\"og:locale\" content=\"en_US\" \/>\n<meta property=\"og:type\" content=\"article\" \/>\n<meta property=\"og:title\" content=\"Dataverse DATAPB - DATAPB\" \/>\n<meta property=\"og:description\" content=\"Nesta p\u00e1gina teremos o link para o Dataverse, que j\u00e1 est\u00e1 ativo e tamb\u00e9m os links para o Atlas de Sustentabilidade da Para\u00edba e para os dashboards customiz\u00e1veis. Os conte\u00fados estar\u00e3o estruturados como uma combina\u00e7\u00e3o de texto e m\u00f3dulos ilustrativos. Our work in numbers Lorem ipsum dolor sit amet, at mei dolore tritani repudiandae. In [&hellip;]\" \/>\n<meta property=\"og:url\" content=\"https:\/\/datapb.ccae.ufpb.br\/en\/dataverse\/\" \/>\n<meta property=\"og:site_name\" content=\"DATAPB\" \/>\n<meta property=\"article:modified_time\" content=\"2023-01-19T19:37:53+00:00\" \/>\n<meta name=\"twitter:card\" content=\"summary_large_image\" \/>\n<script type=\"application\/ld+json\" class=\"yoast-schema-graph\">{\"@context\":\"https:\/\/schema.org\",\"@graph\":[{\"@type\":\"WebPage\",\"@id\":\"https:\/\/datapb.ccae.ufpb.br\/dataverse\/\",\"url\":\"https:\/\/datapb.ccae.ufpb.br\/dataverse\/\",\"name\":\"Dataverse DATAPB - DATAPB\",\"isPartOf\":{\"@id\":\"https:\/\/datapb.ccae.ufpb.br\/#website\"},\"datePublished\":\"2015-06-17T09:22:56+00:00\",\"dateModified\":\"2023-01-19T19:37:53+00:00\",\"inLanguage\":\"en-US\",\"potentialAction\":[{\"@type\":\"ReadAction\",\"target\":[\"https:\/\/datapb.ccae.ufpb.br\/dataverse\/\"]}]},{\"@type\":\"WebSite\",\"@id\":\"https:\/\/datapb.ccae.ufpb.br\/#website\",\"url\":\"https:\/\/datapb.ccae.ufpb.br\/\",\"name\":\"DATAPB\",\"description\":\"Ci\u00eancia Aberta para a Sustentabilidade\",\"publisher\":{\"@id\":\"https:\/\/datapb.ccae.ufpb.br\/#organization\"},\"potentialAction\":[{\"@type\":\"SearchAction\",\"target\":{\"@type\":\"EntryPoint\",\"urlTemplate\":\"https:\/\/datapb.ccae.ufpb.br\/?s={search_term_string}\"},\"query-input\":{\"@type\":\"PropertyValueSpecification\",\"valueRequired\":true,\"valueName\":\"search_term_string\"}}],\"inLanguage\":\"en-US\"},{\"@type\":\"Organization\",\"@id\":\"https:\/\/datapb.ccae.ufpb.br\/#organization\",\"name\":\"DATAPB\",\"url\":\"https:\/\/datapb.ccae.ufpb.br\/\",\"logo\":{\"@type\":\"ImageObject\",\"inLanguage\":\"en-US\",\"@id\":\"https:\/\/datapb.ccae.ufpb.br\/#\/schema\/logo\/image\/\",\"url\":\"\",\"contentUrl\":\"\",\"caption\":\"DATAPB\"},\"image\":{\"@id\":\"https:\/\/datapb.ccae.ufpb.br\/#\/schema\/logo\/image\/\"}}]}<\/script>\n<!-- \/ Yoast SEO plugin. -->","yoast_head_json":{"title":"Dataverse DATAPB - DATAPB","robots":{"index":"index","follow":"follow","max-snippet":"max-snippet:-1","max-image-preview":"max-image-preview:large","max-video-preview":"max-video-preview:-1"},"canonical":"https:\/\/datapb.ccae.ufpb.br\/en\/dataverse\/","og_locale":"en_US","og_type":"article","og_title":"Dataverse DATAPB - DATAPB","og_description":"Nesta p\u00e1gina teremos o link para o Dataverse, que j\u00e1 est\u00e1 ativo e tamb\u00e9m os links para o Atlas de Sustentabilidade da Para\u00edba e para os dashboards customiz\u00e1veis. Os conte\u00fados estar\u00e3o estruturados como uma combina\u00e7\u00e3o de texto e m\u00f3dulos ilustrativos. Our work in numbers Lorem ipsum dolor sit amet, at mei dolore tritani repudiandae. In [&hellip;]","og_url":"https:\/\/datapb.ccae.ufpb.br\/en\/dataverse\/","og_site_name":"DATAPB","article_modified_time":"2023-01-19T19:37:53+00:00","twitter_card":"summary_large_image","schema":{"@context":"https:\/\/schema.org","@graph":[{"@type":"WebPage","@id":"https:\/\/datapb.ccae.ufpb.br\/dataverse\/","url":"https:\/\/datapb.ccae.ufpb.br\/dataverse\/","name":"Dataverse DATAPB - DATAPB","isPartOf":{"@id":"https:\/\/datapb.ccae.ufpb.br\/#website"},"datePublished":"2015-06-17T09:22:56+00:00","dateModified":"2023-01-19T19:37:53+00:00","inLanguage":"en-US","potentialAction":[{"@type":"ReadAction","target":["https:\/\/datapb.ccae.ufpb.br\/dataverse\/"]}]},{"@type":"WebSite","@id":"https:\/\/datapb.ccae.ufpb.br\/#website","url":"https:\/\/datapb.ccae.ufpb.br\/","name":"DATAPB","description":"Ci\u00eancia Aberta para a Sustentabilidade","publisher":{"@id":"https:\/\/datapb.ccae.ufpb.br\/#organization"},"potentialAction":[{"@type":"SearchAction","target":{"@type":"EntryPoint","urlTemplate":"https:\/\/datapb.ccae.ufpb.br\/?s={search_term_string}"},"query-input":{"@type":"PropertyValueSpecification","valueRequired":true,"valueName":"search_term_string"}}],"inLanguage":"en-US"},{"@type":"Organization","@id":"https:\/\/datapb.ccae.ufpb.br\/#organization","name":"DATAPB","url":"https:\/\/datapb.ccae.ufpb.br\/","logo":{"@type":"ImageObject","inLanguage":"en-US","@id":"https:\/\/datapb.ccae.ufpb.br\/#\/schema\/logo\/image\/","url":"","contentUrl":"","caption":"DATAPB"},"image":{"@id":"https:\/\/datapb.ccae.ufpb.br\/#\/schema\/logo\/image\/"}}]}},"_links":{"self":[{"href":"https:\/\/datapb.ccae.ufpb.br\/en\/wp-json\/wp\/v2\/pages\/185","targetHints":{"allow":["GET"]}}],"collection":[{"href":"https:\/\/datapb.ccae.ufpb.br\/en\/wp-json\/wp\/v2\/pages"}],"about":[{"href":"https:\/\/datapb.ccae.ufpb.br\/en\/wp-json\/wp\/v2\/types\/page"}],"author":[{"embeddable":true,"href":"https:\/\/datapb.ccae.ufpb.br\/en\/wp-json\/wp\/v2\/users\/2"}],"replies":[{"embeddable":true,"href":"https:\/\/datapb.ccae.ufpb.br\/en\/wp-json\/wp\/v2\/comments?post=185"}],"version-history":[{"count":0,"href":"https:\/\/datapb.ccae.ufpb.br\/en\/wp-json\/wp\/v2\/pages\/185\/revisions"}],"wp:attachment":[{"href":"https:\/\/datapb.ccae.ufpb.br\/en\/wp-json\/wp\/v2\/media?parent=185"}],"curies":[{"name":"wp","href":"https:\/\/api.w.org\/{rel}","templated":true}]}}