{"id":2,"date":"2022-08-17T17:49:03","date_gmt":"2022-08-17T20:49:03","guid":{"rendered":"http:\/\/datapb.ccae.ufpb.br\/?page_id=2"},"modified":"2022-08-25T18:57:58","modified_gmt":"2022-08-25T21:57:58","slug":"plano-gestao-dados-pgd-datapb","status":"publish","type":"page","link":"https:\/\/datapb.ccae.ufpb.br\/en\/plano-gestao-dados-pgd-datapb\/","title":{"rendered":"Plano de Gest\u00e3o de Dados"},"content":{"rendered":"<p>Aqui ser\u00e3o inseridos os conte\u00fados referentes ao PGD.<\/p>","protected":false},"excerpt":{"rendered":"<p>Aqui ser\u00e3o inseridos os conte\u00fados referentes ao PGD.<\/p>","protected":false},"author":1,"featured_media":0,"parent":0,"menu_order":0,"comment_status":"closed","ping_status":"closed","template":"","meta":{"footnotes":""},"class_list":["post-2","page","type-page","status-publish","hentry"],"yoast_head":"<!-- This site is optimized with the Yoast SEO plugin v26.0 - https:\/\/yoast.com\/wordpress\/plugins\/seo\/ -->\n<title>Plano de Gest\u00e3o de Dados - DATAPB<\/title>\n<meta name=\"robots\" content=\"index, follow, max-snippet:-1, max-image-preview:large, max-video-preview:-1\" \/>\n<link rel=\"canonical\" href=\"https:\/\/datapb.ccae.ufpb.br\/en\/plano-gestao-dados-pgd-datapb\/\" \/>\n<meta property=\"og:locale\" content=\"en_US\" \/>\n<meta property=\"og:type\" content=\"article\" \/>\n<meta property=\"og:title\" content=\"Plano de Gest\u00e3o de Dados - DATAPB\" \/>\n<meta property=\"og:description\" content=\"Aqui ser\u00e3o inseridos os conte\u00fados referentes ao PGD.\" \/>\n<meta property=\"og:url\" content=\"https:\/\/datapb.ccae.ufpb.br\/en\/plano-gestao-dados-pgd-datapb\/\" \/>\n<meta property=\"og:site_name\" content=\"DATAPB\" \/>\n<meta property=\"article:modified_time\" content=\"2022-08-25T21:57:58+00:00\" \/>\n<meta name=\"twitter:card\" content=\"summary_large_image\" \/>\n<script type=\"application\/ld+json\" class=\"yoast-schema-graph\">{\"@context\":\"https:\/\/schema.org\",\"@graph\":[{\"@type\":\"WebPage\",\"@id\":\"https:\/\/datapb.ccae.ufpb.br\/plano-gestao-dados-pgd-datapb\/\",\"url\":\"https:\/\/datapb.ccae.ufpb.br\/plano-gestao-dados-pgd-datapb\/\",\"name\":\"Plano de Gest\u00e3o de Dados - DATAPB\",\"isPartOf\":{\"@id\":\"https:\/\/datapb.ccae.ufpb.br\/#website\"},\"datePublished\":\"2022-08-17T20:49:03+00:00\",\"dateModified\":\"2022-08-25T21:57:58+00:00\",\"inLanguage\":\"en-US\",\"potentialAction\":[{\"@type\":\"ReadAction\",\"target\":[\"https:\/\/datapb.ccae.ufpb.br\/plano-gestao-dados-pgd-datapb\/\"]}]},{\"@type\":\"WebSite\",\"@id\":\"https:\/\/datapb.ccae.ufpb.br\/#website\",\"url\":\"https:\/\/datapb.ccae.ufpb.br\/\",\"name\":\"DATAPB\",\"description\":\"Ci\u00eancia Aberta para a Sustentabilidade\",\"publisher\":{\"@id\":\"https:\/\/datapb.ccae.ufpb.br\/#organization\"},\"potentialAction\":[{\"@type\":\"SearchAction\",\"target\":{\"@type\":\"EntryPoint\",\"urlTemplate\":\"https:\/\/datapb.ccae.ufpb.br\/?s={search_term_string}\"},\"query-input\":{\"@type\":\"PropertyValueSpecification\",\"valueRequired\":true,\"valueName\":\"search_term_string\"}}],\"inLanguage\":\"en-US\"},{\"@type\":\"Organization\",\"@id\":\"https:\/\/datapb.ccae.ufpb.br\/#organization\",\"name\":\"DATAPB\",\"url\":\"https:\/\/datapb.ccae.ufpb.br\/\",\"logo\":{\"@type\":\"ImageObject\",\"inLanguage\":\"en-US\",\"@id\":\"https:\/\/datapb.ccae.ufpb.br\/#\/schema\/logo\/image\/\",\"url\":\"\",\"contentUrl\":\"\",\"caption\":\"DATAPB\"},\"image\":{\"@id\":\"https:\/\/datapb.ccae.ufpb.br\/#\/schema\/logo\/image\/\"}}]}<\/script>\n<!-- \/ Yoast SEO plugin. -->","yoast_head_json":{"title":"Plano de Gest\u00e3o de Dados - DATAPB","robots":{"index":"index","follow":"follow","max-snippet":"max-snippet:-1","max-image-preview":"max-image-preview:large","max-video-preview":"max-video-preview:-1"},"canonical":"https:\/\/datapb.ccae.ufpb.br\/en\/plano-gestao-dados-pgd-datapb\/","og_locale":"en_US","og_type":"article","og_title":"Plano de Gest\u00e3o de Dados - DATAPB","og_description":"Aqui ser\u00e3o inseridos os conte\u00fados referentes ao PGD.","og_url":"https:\/\/datapb.ccae.ufpb.br\/en\/plano-gestao-dados-pgd-datapb\/","og_site_name":"DATAPB","article_modified_time":"2022-08-25T21:57:58+00:00","twitter_card":"summary_large_image","schema":{"@context":"https:\/\/schema.org","@graph":[{"@type":"WebPage","@id":"https:\/\/datapb.ccae.ufpb.br\/plano-gestao-dados-pgd-datapb\/","url":"https:\/\/datapb.ccae.ufpb.br\/plano-gestao-dados-pgd-datapb\/","name":"Plano de Gest\u00e3o de Dados - DATAPB","isPartOf":{"@id":"https:\/\/datapb.ccae.ufpb.br\/#website"},"datePublished":"2022-08-17T20:49:03+00:00","dateModified":"2022-08-25T21:57:58+00:00","inLanguage":"en-US","potentialAction":[{"@type":"ReadAction","target":["https:\/\/datapb.ccae.ufpb.br\/plano-gestao-dados-pgd-datapb\/"]}]},{"@type":"WebSite","@id":"https:\/\/datapb.ccae.ufpb.br\/#website","url":"https:\/\/datapb.ccae.ufpb.br\/","name":"DATAPB","description":"Ci\u00eancia Aberta para a Sustentabilidade","publisher":{"@id":"https:\/\/datapb.ccae.ufpb.br\/#organization"},"potentialAction":[{"@type":"SearchAction","target":{"@type":"EntryPoint","urlTemplate":"https:\/\/datapb.ccae.ufpb.br\/?s={search_term_string}"},"query-input":{"@type":"PropertyValueSpecification","valueRequired":true,"valueName":"search_term_string"}}],"inLanguage":"en-US"},{"@type":"Organization","@id":"https:\/\/datapb.ccae.ufpb.br\/#organization","name":"DATAPB","url":"https:\/\/datapb.ccae.ufpb.br\/","logo":{"@type":"ImageObject","inLanguage":"en-US","@id":"https:\/\/datapb.ccae.ufpb.br\/#\/schema\/logo\/image\/","url":"","contentUrl":"","caption":"DATAPB"},"image":{"@id":"https:\/\/datapb.ccae.ufpb.br\/#\/schema\/logo\/image\/"}}]}},"_links":{"self":[{"href":"https:\/\/datapb.ccae.ufpb.br\/en\/wp-json\/wp\/v2\/pages\/2","targetHints":{"allow":["GET"]}}],"collection":[{"href":"https:\/\/datapb.ccae.ufpb.br\/en\/wp-json\/wp\/v2\/pages"}],"about":[{"href":"https:\/\/datapb.ccae.ufpb.br\/en\/wp-json\/wp\/v2\/types\/page"}],"author":[{"embeddable":true,"href":"https:\/\/datapb.ccae.ufpb.br\/en\/wp-json\/wp\/v2\/users\/1"}],"replies":[{"embeddable":true,"href":"https:\/\/datapb.ccae.ufpb.br\/en\/wp-json\/wp\/v2\/comments?post=2"}],"version-history":[{"count":0,"href":"https:\/\/datapb.ccae.ufpb.br\/en\/wp-json\/wp\/v2\/pages\/2\/revisions"}],"wp:attachment":[{"href":"https:\/\/datapb.ccae.ufpb.br\/en\/wp-json\/wp\/v2\/media?parent=2"}],"curies":[{"name":"wp","href":"https:\/\/api.w.org\/{rel}","templated":true}]}}