{"id":3804,"date":"2023-01-14T09:22:23","date_gmt":"2023-01-14T12:22:23","guid":{"rendered":"http:\/\/datapb.ccae.ufpb.br\/?page_id=3804"},"modified":"2023-02-20T07:36:11","modified_gmt":"2023-02-20T10:36:11","slug":"como-participar-do-projeto-datapb","status":"publish","type":"page","link":"https:\/\/datapb.ccae.ufpb.br\/en\/como-participar-do-projeto-datapb\/","title":{"rendered":"Contact us"},"content":{"rendered":"<div data-colibri-id=\"3804-c1\" class=\"style-1784 style-local-3804-c1 position-relative\">\n  <!---->\n  <div data-colibri-component=\"section\" data-colibri-id=\"3804-c2\" id=\"custom\" class=\"h-section h-section-global-spacing d-flex align-items-lg-center align-items-md-center align-items-center style-5375 style-local-3804-c2 position-relative\">\n    <!---->\n    <!---->\n    <div class=\"h-section-grid-container h-section-boxed-container\">\n      <!---->\n      <div data-colibri-id=\"3804-c9\" class=\"h-row-container gutters-row-lg-2 gutters-row-md-2 gutters-row-0 gutters-row-v-lg-2 gutters-row-v-md-2 gutters-row-v-2 style-5385 style-local-3804-c9 position-relative\">\n        <!---->\n        <div class=\"h-row justify-content-lg-center justify-content-md-center justify-content-center align-items-lg-stretch align-items-md-stretch align-items-stretch gutters-col-lg-2 gutters-col-md-2 gutters-col-0 gutters-col-v-lg-2 gutters-col-v-md-2 gutters-col-v-2\">\n          <!---->\n          <div class=\"h-column h-column-container d-flex h-col-lg-auto h-col-md-auto h-col-auto style-5386-outer style-local-3804-c10-outer\">\n            <div data-colibri-id=\"3804-c10\" class=\"d-flex h-flex-basis h-column__inner h-px-lg-2 h-px-md-2 h-px-2 v-inner-lg-2 v-inner-md-2 v-inner-2 style-5386 style-local-3804-c10 position-relative\">\n              <!---->\n              <!---->\n              <div class=\"w-100 h-y-container h-column__content h-column__v-align flex-basis-100 align-self-lg-start align-self-md-start align-self-start\">\n                <!---->\n                <div data-colibri-id=\"3804-c11\" class=\"h-text h-text-component style-5387 style-local-3804-c11 position-relative h-element\">\n                  <!---->\n                  <!---->\n                  <div class=\"\">\n                    <p><span style=\"font-size: 120%;\">If you are a researcher, educator, student or comunity leader and wants to joing the DATAPB project <br>or get to know more about it, contact us using the form below and will get in touch as soon as possible.<\/span><\/p>\n                  <\/div>\n                <\/div>\n              <\/div>\n            <\/div>\n          <\/div>\n        <\/div>\n      <\/div>\n      <div data-colibri-id=\"3804-c3\" class=\"h-row-container gutters-row-lg-2 gutters-row-md-2 gutters-row-0 gutters-row-v-lg-2 gutters-row-v-md-2 gutters-row-v-2 style-5383 style-local-3804-c3 position-relative\">\n        <!---->\n        <div class=\"h-row justify-content-lg-center justify-content-md-center justify-content-center align-items-lg-stretch align-items-md-stretch align-items-stretch gutters-col-lg-2 gutters-col-md-2 gutters-col-0 gutters-col-v-lg-2 gutters-col-v-md-2 gutters-col-v-2\">\n          <!---->\n          <div class=\"h-column h-column-container d-flex h-col-lg-auto h-col-md-auto h-col-auto style-5384-outer style-local-3804-c4-outer\">\n            <div data-colibri-id=\"3804-c4\" class=\"d-flex h-flex-basis h-column__inner h-px-lg-2 h-px-md-2 h-px-2 v-inner-lg-2 v-inner-md-2 v-inner-2 style-5384 style-local-3804-c4 position-relative\">\n              <!---->\n              <!---->\n              <div class=\"w-100 h-y-container h-column__content h-column__v-align flex-basis-100 align-self-lg-start align-self-md-start align-self-start\">\n                <!---->\n                <div data-colibri-id=\"3804-c5\" class=\"h-contact-form__outer--forminator style-5382 style-local-3804-c5 position-relative h-element\">\n                  <!---->\n                  <div class=\"h-global-transition-all h-global-transition h-global-transition-all h-contact-form-shortcode\"><div class=\"forminator-ui forminator-custom-form forminator-custom-form-12305 forminator-design--default  forminator_ajax\" data-forminator-render=\"0\" data-form=\"forminator-module-12305\" data-uid=\"69d92aff49d51\"><br\/><\/div><form\n\t\t\t\tid=\"forminator-module-12305\"\n\t\t\t\tclass=\"forminator-ui forminator-custom-form forminator-custom-form-12305 forminator-design--default  forminator_ajax\"\n\t\t\t\tmethod=\"post\"\n\t\t\t\tdata-forminator-render=\"0\"\n\t\t\t\tdata-form-id=\"12305\"\n\t\t\t\t\n\t\t\t\tdata-design=\"default\"\n\t\t\t\tdata-color-option=\"default\"\n\t\t\t\t\n\t\t\t\t\n\t\t\t\t\n\t\t\t\tdata-grid=\"open\"\n\t\t\t\t\n\t\t\t\t\n\t\t\t\tstyle=\"display: none;\"\n\t\t\t\t\n\t\t\t\tdata-uid=\"69d92aff49d51\" action=\"\"\n\t\t\t><div role=\"alert\" aria-live=\"polite\" class=\"forminator-response-message forminator-error\" aria-hidden=\"true\"><\/div><div class=\"forminator-row\"><div id=\"name-1\" class=\"forminator-field-name forminator-col forminator-col-12\"><div class=\"forminator-field\"><label for=\"forminator-field-name-1_69d92aff49d51\" id=\"forminator-field-name-1_69d92aff49d51-label\" class=\"forminator-label\">Name <span class=\"forminator-required\">*<\/span><\/label><input type=\"text\" name=\"name-1\" value=\"\" placeholder=\"\" id=\"forminator-field-name-1_69d92aff49d51\" class=\"forminator-input forminator-name--field\" aria-required=\"true\" aria-describedby=\"forminator-field-name-1_69d92aff49d51-description\" \/><span id=\"forminator-field-name-1_69d92aff49d51-description\" class=\"forminator-description\">Please identify yourself<\/span><\/div><\/div><\/div><div class=\"forminator-row\"><div id=\"email-1\" class=\"forminator-field-email forminator-col forminator-col-12\"><div class=\"forminator-field\"><label for=\"forminator-field-email-1_69d92aff49d51\" id=\"forminator-field-email-1_69d92aff49d51-label\" class=\"forminator-label\">E-mail: <span class=\"forminator-required\">*<\/span><\/label><input type=\"email\" name=\"email-1\" value=\"\" placeholder=\"\" id=\"forminator-field-email-1_69d92aff49d51\" class=\"forminator-input forminator-email--field\" data-required=\"true\" aria-required=\"true\" aria-describedby=\"forminator-field-email-1_69d92aff49d51-description\" \/><span id=\"forminator-field-email-1_69d92aff49d51-description\" class=\"forminator-description\">Inform the e-mail address we should use to contact you.<\/span><\/div><\/div><\/div><div class=\"forminator-row\"><div id=\"textarea-1\" class=\"forminator-field-textarea forminator-col forminator-col-12\"><div class=\"forminator-field\"><label for=\"forminator-field-textarea-1_69d92aff49d51\" id=\"forminator-field-textarea-1_69d92aff49d51-label\" class=\"forminator-label\">Message<\/label><textarea name=\"textarea-1\" placeholder=\"Write your message\" id=\"forminator-field-textarea-1_69d92aff49d51\" class=\"forminator-textarea\" rows=\"6\" style=\"min-height:140px;\" maxlength=\"180\" aria-describedby=\"forminator-field-textarea-1_69d92aff49d51-description\" ><\/textarea><span id=\"forminator-field-textarea-1_69d92aff49d51-description\" class=\"forminator-description\">Tell us why you are interested in DATAPB and we will respond your message.<span data-limit=\"180\" data-type=\"characters\" data-editor=\"\">0 \/ 180<\/span><\/span><\/div><\/div><\/div><input type=\"hidden\" name=\"referer_url\" value=\"\" \/><div class=\"forminator-row forminator-row-last\"><div class=\"forminator-col\"><div class=\"forminator-field\"><button class=\"forminator-button forminator-button-submit\">Submit your message<\/button><\/div><\/div><\/div><input type=\"hidden\" id=\"forminator_nonce\" name=\"forminator_nonce\" value=\"715cfc9f31\" \/><input type=\"hidden\" name=\"_wp_http_referer\" value=\"\/en\/wp-json\/wp\/v2\/pages\/3804\" \/><input type=\"hidden\" name=\"form_id\" value=\"12305\"><input type=\"hidden\" name=\"page_id\" value=\"3804\"><input type=\"hidden\" name=\"form_type\" value=\"default\"><input type=\"hidden\" name=\"current_url\" value=\"https:\/\/datapb.ccae.ufpb.br\/en\/como-participar-do-projeto-datapb\/\"><input type=\"hidden\" name=\"render_id\" value=\"0\"><input type=\"hidden\" name=\"action\" value=\"forminator_submit_form_custom-forms\"><input type=\"hidden\" name=\"trp-form-language\" value=\"en\"\/><\/form><\/div>\n                <\/div>\n              <\/div>\n            <\/div>\n          <\/div>\n        <\/div>\n      <\/div>\n    <\/div>\n  <\/div>\n  <div data-colibri-component=\"section\" data-colibri-id=\"3804-c6\" id=\"reusable-sections\" class=\"h-section h-section-global-spacing d-flex align-items-lg-center align-items-md-center align-items-center style-2197 style-local-3804-c6 position-relative\">\n    <!---->\n    <!---->\n    <div class=\"h-section-grid-container h-section-boxed-container\">\n      <!---->\n      <div data-colibri-id=\"3804-c7\" class=\"h-row-container gutters-row-lg-2 gutters-row-md-2 gutters-row-0 gutters-row-v-lg-2 gutters-row-v-md-2 gutters-row-v-2 style-2198 style-local-3804-c7 position-relative\">\n        <!---->\n        <div class=\"h-row justify-content-lg-center justify-content-md-center justify-content-center align-items-lg-stretch align-items-md-stretch align-items-stretch gutters-col-lg-2 gutters-col-md-2 gutters-col-0 gutters-col-v-lg-2 gutters-col-v-md-2 gutters-col-v-2\">\n          <!---->\n          <div class=\"h-column h-column-container d-flex h-col-lg-auto h-col-md-auto h-col-auto style-2199-outer style-local-3804-c8-outer\">\n            <div data-colibri-id=\"3804-c8\" class=\"d-flex h-flex-basis h-column__inner h-ui-empty-state-container h-px-lg-2 h-px-md-2 h-px-2 v-inner-lg-2 v-inner-md-2 v-inner-2 style-2199 style-local-3804-c8 position-relative\">\n              <!---->\n              <!---->\n              <div class=\"w-100 h-y-container h-column__content h-column__v-align flex-basis-100\">\n                <!---->\n              <\/div>\n            <\/div>\n          <\/div>\n        <\/div>\n      <\/div>\n    <\/div>\n  <\/div>\n<\/div>","protected":false},"excerpt":{"rendered":"<p>Se voc\u00ea \u00e9 um pesquisador, professor, estudante ou lideran\u00e7a comunit\u00e1ria e quer participar do projeto DATAPB ou saber mais sobre nosso projeto, entre em contato usando o formul\u00e1rio abaixo e responderemos com a maior brevidade poss\u00edvel.<\/p>","protected":false},"author":2,"featured_media":0,"parent":0,"menu_order":0,"comment_status":"closed","ping_status":"closed","template":"","meta":{"footnotes":""},"class_list":["post-3804","page","type-page","status-publish","hentry"],"yoast_head":"<!-- This site is optimized with the Yoast SEO plugin v26.0 - https:\/\/yoast.com\/wordpress\/plugins\/seo\/ -->\n<title>Como participar - DATAPB<\/title>\n<meta name=\"robots\" content=\"index, follow, max-snippet:-1, max-image-preview:large, max-video-preview:-1\" \/>\n<link rel=\"canonical\" href=\"https:\/\/datapb.ccae.ufpb.br\/en\/como-participar-do-projeto-datapb\/\" \/>\n<meta property=\"og:locale\" content=\"en_US\" \/>\n<meta property=\"og:type\" content=\"article\" \/>\n<meta property=\"og:title\" content=\"Como participar - DATAPB\" \/>\n<meta property=\"og:description\" content=\"Se voc\u00ea \u00e9 um pesquisador, professor, estudante ou lideran\u00e7a comunit\u00e1ria e quer participar do projeto DATAPB ou saber mais sobre nosso projeto, entre em contato usando o formul\u00e1rio abaixo e responderemos com a maior brevidade poss\u00edvel.\" \/>\n<meta property=\"og:url\" content=\"https:\/\/datapb.ccae.ufpb.br\/en\/como-participar-do-projeto-datapb\/\" \/>\n<meta property=\"og:site_name\" content=\"DATAPB\" \/>\n<meta property=\"article:modified_time\" content=\"2023-02-20T10:36:11+00:00\" \/>\n<meta name=\"twitter:card\" content=\"summary_large_image\" \/>\n<script type=\"application\/ld+json\" class=\"yoast-schema-graph\">{\"@context\":\"https:\/\/schema.org\",\"@graph\":[{\"@type\":\"WebPage\",\"@id\":\"https:\/\/datapb.ccae.ufpb.br\/en\/como-participar-do-projeto-datapb\/\",\"url\":\"https:\/\/datapb.ccae.ufpb.br\/en\/como-participar-do-projeto-datapb\/\",\"name\":\"Como participar - DATAPB\",\"isPartOf\":{\"@id\":\"https:\/\/datapb.ccae.ufpb.br\/#website\"},\"datePublished\":\"2023-01-14T12:22:23+00:00\",\"dateModified\":\"2023-02-20T10:36:11+00:00\",\"inLanguage\":\"en-US\",\"potentialAction\":[{\"@type\":\"ReadAction\",\"target\":[\"https:\/\/datapb.ccae.ufpb.br\/en\/como-participar-do-projeto-datapb\/\"]}]},{\"@type\":\"WebSite\",\"@id\":\"https:\/\/datapb.ccae.ufpb.br\/#website\",\"url\":\"https:\/\/datapb.ccae.ufpb.br\/\",\"name\":\"DATAPB\",\"description\":\"Ci\u00eancia Aberta para a Sustentabilidade\",\"publisher\":{\"@id\":\"https:\/\/datapb.ccae.ufpb.br\/#organization\"},\"potentialAction\":[{\"@type\":\"SearchAction\",\"target\":{\"@type\":\"EntryPoint\",\"urlTemplate\":\"https:\/\/datapb.ccae.ufpb.br\/?s={search_term_string}\"},\"query-input\":{\"@type\":\"PropertyValueSpecification\",\"valueRequired\":true,\"valueName\":\"search_term_string\"}}],\"inLanguage\":\"en-US\"},{\"@type\":\"Organization\",\"@id\":\"https:\/\/datapb.ccae.ufpb.br\/#organization\",\"name\":\"DATAPB\",\"url\":\"https:\/\/datapb.ccae.ufpb.br\/\",\"logo\":{\"@type\":\"ImageObject\",\"inLanguage\":\"en-US\",\"@id\":\"https:\/\/datapb.ccae.ufpb.br\/#\/schema\/logo\/image\/\",\"url\":\"\",\"contentUrl\":\"\",\"caption\":\"DATAPB\"},\"image\":{\"@id\":\"https:\/\/datapb.ccae.ufpb.br\/#\/schema\/logo\/image\/\"}}]}<\/script>\n<!-- \/ Yoast SEO plugin. -->","yoast_head_json":{"title":"Como participar - DATAPB","robots":{"index":"index","follow":"follow","max-snippet":"max-snippet:-1","max-image-preview":"max-image-preview:large","max-video-preview":"max-video-preview:-1"},"canonical":"https:\/\/datapb.ccae.ufpb.br\/en\/como-participar-do-projeto-datapb\/","og_locale":"en_US","og_type":"article","og_title":"Como participar - DATAPB","og_description":"Se voc\u00ea \u00e9 um pesquisador, professor, estudante ou lideran\u00e7a comunit\u00e1ria e quer participar do projeto DATAPB ou saber mais sobre nosso projeto, entre em contato usando o formul\u00e1rio abaixo e responderemos com a maior brevidade poss\u00edvel.","og_url":"https:\/\/datapb.ccae.ufpb.br\/en\/como-participar-do-projeto-datapb\/","og_site_name":"DATAPB","article_modified_time":"2023-02-20T10:36:11+00:00","twitter_card":"summary_large_image","schema":{"@context":"https:\/\/schema.org","@graph":[{"@type":"WebPage","@id":"https:\/\/datapb.ccae.ufpb.br\/en\/como-participar-do-projeto-datapb\/","url":"https:\/\/datapb.ccae.ufpb.br\/en\/como-participar-do-projeto-datapb\/","name":"Como participar - DATAPB","isPartOf":{"@id":"https:\/\/datapb.ccae.ufpb.br\/#website"},"datePublished":"2023-01-14T12:22:23+00:00","dateModified":"2023-02-20T10:36:11+00:00","inLanguage":"en-US","potentialAction":[{"@type":"ReadAction","target":["https:\/\/datapb.ccae.ufpb.br\/en\/como-participar-do-projeto-datapb\/"]}]},{"@type":"WebSite","@id":"https:\/\/datapb.ccae.ufpb.br\/#website","url":"https:\/\/datapb.ccae.ufpb.br\/","name":"DATAPB","description":"Ci\u00eancia Aberta para a Sustentabilidade","publisher":{"@id":"https:\/\/datapb.ccae.ufpb.br\/#organization"},"potentialAction":[{"@type":"SearchAction","target":{"@type":"EntryPoint","urlTemplate":"https:\/\/datapb.ccae.ufpb.br\/?s={search_term_string}"},"query-input":{"@type":"PropertyValueSpecification","valueRequired":true,"valueName":"search_term_string"}}],"inLanguage":"en-US"},{"@type":"Organization","@id":"https:\/\/datapb.ccae.ufpb.br\/#organization","name":"DATAPB","url":"https:\/\/datapb.ccae.ufpb.br\/","logo":{"@type":"ImageObject","inLanguage":"en-US","@id":"https:\/\/datapb.ccae.ufpb.br\/#\/schema\/logo\/image\/","url":"","contentUrl":"","caption":"DATAPB"},"image":{"@id":"https:\/\/datapb.ccae.ufpb.br\/#\/schema\/logo\/image\/"}}]}},"_links":{"self":[{"href":"https:\/\/datapb.ccae.ufpb.br\/en\/wp-json\/wp\/v2\/pages\/3804","targetHints":{"allow":["GET"]}}],"collection":[{"href":"https:\/\/datapb.ccae.ufpb.br\/en\/wp-json\/wp\/v2\/pages"}],"about":[{"href":"https:\/\/datapb.ccae.ufpb.br\/en\/wp-json\/wp\/v2\/types\/page"}],"author":[{"embeddable":true,"href":"https:\/\/datapb.ccae.ufpb.br\/en\/wp-json\/wp\/v2\/users\/2"}],"replies":[{"embeddable":true,"href":"https:\/\/datapb.ccae.ufpb.br\/en\/wp-json\/wp\/v2\/comments?post=3804"}],"version-history":[{"count":0,"href":"https:\/\/datapb.ccae.ufpb.br\/en\/wp-json\/wp\/v2\/pages\/3804\/revisions"}],"wp:attachment":[{"href":"https:\/\/datapb.ccae.ufpb.br\/en\/wp-json\/wp\/v2\/media?parent=3804"}],"curies":[{"name":"wp","href":"https:\/\/api.w.org\/{rel}","templated":true}]}}