{"id":6126,"date":"2023-01-18T11:12:18","date_gmt":"2023-01-18T14:12:18","guid":{"rendered":"http:\/\/datapb.ccae.ufpb.br\/?page_id=6126"},"modified":"2024-12-17T16:45:06","modified_gmt":"2024-12-17T19:45:06","slug":"dados","status":"publish","type":"page","link":"https:\/\/datapb.ccae.ufpb.br\/en\/e-science-2\/dados\/","title":{"rendered":"Data"},"content":{"rendered":"<div data-colibri-id=\"6126-c1\" class=\"style-2532 style-local-6126-c1 position-relative\">\n  <!---->\n  <div data-colibri-component=\"section\" data-colibri-id=\"6126-c2\" id=\"reusable-sections-3\" class=\"h-section h-section-global-spacing d-flex align-items-lg-center align-items-md-center align-items-center style-2556 style-local-6126-c2 position-relative\">\n    <div class=\"background-wrapper\">\n      <div class=\"background-layer background-layer-media-container-lg\">\n        <!---->\n        <div class=\"overlay-layer\">\n          <div class=\"overlay-image-layer\" style=\"background-color: rgb(255, 255, 255); opacity: 0.9;\"><\/div>\n        <\/div>\n      <\/div>\n      <div class=\"background-layer background-layer-media-container-md\">\n        <!---->\n        <div class=\"overlay-layer\">\n          <div class=\"overlay-image-layer\" style=\"background-color: rgb(255, 255, 255); opacity: 0.9;\"><\/div>\n        <\/div>\n      <\/div>\n      <div class=\"background-layer background-layer-media-container\">\n        <!---->\n        <div class=\"overlay-layer\">\n          <div class=\"overlay-image-layer\" style=\"background-color: rgb(255, 255, 255); opacity: 0.9;\"><\/div>\n        <\/div>\n      <\/div>\n    <\/div>\n    <!---->\n    <div class=\"h-section-grid-container h-section-boxed-container\">\n      <!---->\n      <div data-colibri-id=\"6126-c3\" class=\"h-row-container gutters-row-lg-0 gutters-row-md-0 gutters-row-0 gutters-row-v-lg-0 gutters-row-v-md-0 gutters-row-v-0 style-2557 style-local-6126-c3 position-relative\">\n        <!---->\n        <div class=\"h-row justify-content-lg-center justify-content-md-center justify-content-center align-items-lg-stretch align-items-md-stretch align-items-stretch gutters-col-lg-0 gutters-col-md-0 gutters-col-0 gutters-col-v-lg-0 gutters-col-v-md-0 gutters-col-v-0\">\n          <!---->\n          <div class=\"h-column h-column-container d-flex h-col-lg-auto h-col-md-auto h-col-auto style-2558-outer style-local-6126-c4-outer\">\n            <div data-colibri-id=\"6126-c4\" class=\"d-flex h-flex-basis h-column__inner h-px-lg-3 h-px-md-3 h-px-3 v-inner-lg-3 v-inner-md-3 v-inner-3 style-2558 style-local-6126-c4 position-relative\">\n              <!---->\n              <!---->\n              <div class=\"w-100 h-y-container h-column__content h-column__v-align flex-basis-100 align-self-lg-center align-self-md-center align-self-center\">\n                <!---->\n                <div data-colibri-id=\"6126-c5\" class=\"style-2670 style-local-6126-c5 position-relative h-element\">\n                  <!---->\n                  <div class=\"h-global-transition-all\"><div id='colibri-6126-c5' class='breadcrumb-wrapper'>    <style type=\"text\/css\">\n        \/* breadcrumb separator symbol *\/\n\n        #colibri-6126-c5        .colibri-breadcrumb > li + li:before {\n            content: \">\";\n            white-space: pre;\n        }\n    <\/style>\n\n    \n    <div class=\"colibri-6126-c5-dls-wrapper breadcrumb-items__wrapper\">\n                <ol class=\"breadcrumb colibri-breadcrumb\"><li class=\"breadcrumb-item\"><a href=\"https:\/\/datapb.ccae.ufpb.br\/en\/\">\n    <svg version=\"1.1\" xmlns=\"http:\/\/www.w3.org\/2000\/svg\" xmlns:xlink=\"http:\/\/www.w3.org\/1999\/xlink\" id=\"home\" viewbox=\"0 0 1664 1896.0833\">\n      <path d=\"M1408 992v480q0 26-19 45t-45 19H960v-384H704v384H320q-26 0-45-19t-19-45V992q0-1 .5-3t.5-3l575-474 575 474q1 2 1 6zm223-69l-62 74q-8 9-21 11h-3q-13 0-21-7L832 424l-692 577q-12 8-24 7-13-2-21-11l-62-74q-8-10-7-23.5T37 878l719-599q32-26 76-26t76 26l244 204V288q0-14 9-23t23-9h192q14 0 23 9t9 23v408l219 182q10 8 11 21.5t-7 23.5z\" \/>\n    <\/svg><\/a><\/li><li class=\"breadcrumb-item\"><a href=\"https:\/\/datapb.ccae.ufpb.br\/en\/e-science-2\/\">e-Science<\/a><\/li><\/ol>    <\/div>\n    <\/div><\/div>\n                <\/div>\n                <div data-colibri-id=\"6126-c6\" class=\"h-global-transition-all h-heading style-2559 style-local-6126-c6 position-relative h-element\">\n                  <!---->\n                  <div class=\"h-heading__outer style-2559 style-local-6126-c6\">\n                    <!---->\n                    <!---->\n                    <h3 class=\"\"><span style=\"font-size: 83%;\">Here you will access our&nbsp;<\/span><em style=\"font-size: 83%; font-family: &quot;Playfair Display&quot;; color: rgb(3, 169, 244);\">DATAVERSE<\/em><span style=\"font-size: 83%;\"> and the <\/span><em style=\"font-size: 83%; font-family: &quot;Playfair Display&quot;; color: rgb(3, 169, 244);\">information<\/em>\n                      <span\n                        style=\"font-size: 83%;\">&nbsp;to use it<\/span>\n                    <\/h3>\n                  <\/div>\n                <\/div>\n                <div data-colibri-id=\"6126-c7\" class=\"h-text h-text-component style-2560 style-local-6126-c7 position-relative h-element\">\n                  <!---->\n                  <!---->\n                  <div class=\"\">\n                    <p>Al\u00e9m de acessar nosso reposit\u00f3rio, voc\u00ea poder\u00e1 conferir nossa Pol\u00edtica de Gest\u00e3o de Dados e explorar ou sugerir cole\u00e7\u00f5es tem\u00e1ticas.<\/p>\n                  <\/div>\n                <\/div>\n              <\/div>\n            <\/div>\n          <\/div>\n          <div class=\"h-column h-column-container d-flex h-col-lg-auto h-col-md-auto h-col-auto style-2563-outer style-local-6126-c8-outer\">\n            <div data-colibri-id=\"6126-c8\" class=\"d-flex h-flex-basis h-column__inner h-ui-empty-state-container h-px-lg-2 h-px-md-2 h-px-0 v-inner-lg-2 v-inner-md-2 v-inner-0 style-2563 style-local-6126-c8 position-relative\">\n              <!---->\n              <!---->\n              <div class=\"w-100 h-y-container h-column__content h-column__v-align flex-basis-100\">\n                <!---->\n              <\/div>\n            <\/div>\n          <\/div>\n          <div class=\"h-column h-column-container d-flex h-col-lg-auto h-col-md-auto h-col-auto style-2564-outer style-local-6126-c9-outer\">\n            <div data-colibri-id=\"6126-c9\" class=\"d-flex h-flex-basis h-column__inner h-ui-empty-state-container h-px-lg-0 h-px-md-0 h-px-0 v-inner-lg-0 v-inner-md-0 v-inner-0 style-2564 style-local-6126-c9 position-relative\">\n              <!---->\n              <!---->\n              <div class=\"w-100 h-y-container h-column__content h-column__v-align flex-basis-100\">\n                <!---->\n              <\/div>\n            <\/div>\n          <\/div>\n        <\/div>\n      <\/div>\n    <\/div>\n  <\/div>\n  <div data-colibri-component=\"section\" data-colibri-id=\"6126-c10\" id=\"reusable-sections-4\" class=\"h-section h-section-global-spacing d-flex align-items-lg-center align-items-md-center align-items-center style-2565 style-local-6126-c10 position-relative\">\n    <!---->\n    <!---->\n    <div class=\"h-section-grid-container h-section-boxed-container\">\n      <!---->\n      <div data-colibri-id=\"6126-c11\" class=\"h-row-container gutters-row-lg-2 gutters-row-md-2 gutters-row-2 gutters-row-v-lg-2 gutters-row-v-md-2 gutters-row-v-2 style-2566 style-local-6126-c11 position-relative\">\n        <!---->\n        <div class=\"h-row justify-content-lg-center justify-content-md-center justify-content-center align-items-lg-stretch align-items-md-stretch align-items-stretch gutters-col-lg-2 gutters-col-md-2 gutters-col-2 gutters-col-v-lg-2 gutters-col-v-md-2 gutters-col-v-2\">\n          <!---->\n          <div class=\"h-column h-column-container d-flex h-col-lg-3 h-col-md-6 h-col-12 style-2567-outer style-local-6126-c12-outer\">\n            <div data-colibri-id=\"6126-c12\" class=\"d-flex h-flex-basis h-column__inner h-px-lg-2 h-px-md-2 h-px-2 v-inner-lg-2 v-inner-md-2 v-inner-2 style-2567 style-local-6126-c12 position-relative\">\n              <!---->\n              <!---->\n              <div class=\"w-100 h-y-container h-column__content h-column__v-align flex-basis-100 align-self-lg-start align-self-md-start align-self-start\">\n                <!---->\n                <div data-colibri-id=\"6126-c13\" class=\"h-icon style-2568 style-local-6126-c13 position-relative h-element\">\n                  <!----><span class=\"h-svg-icon h-icon__icon style-2568-icon style-local-6126-c13-icon\"><!--Icon by Font Awesome (https:\/\/fontawesome.com)-->\n    <svg version=\"1.1\" xmlns=\"http:\/\/www.w3.org\/2000\/svg\" xmlns:xlink=\"http:\/\/www.w3.org\/1999\/xlink\" id=\"database\" viewbox=\"0 0 1542.7035 1896.0833\">\n      <path d=\"M768 768q237 0 443-43t325-127v170q0 69-103 128t-280 93.5-385 34.5-385-34.5T103 896 0 768V598q119 84 325 127t443 43zm0 768q237 0 443-43t325-127v170q0 69-103 128t-280 93.5-385 34.5-385-34.5-280-93.5T0 1536v-170q119 84 325 127t443 43zm0-384q237 0 443-43t325-127v170q0 69-103 128t-280 93.5-385 34.5-385-34.5-280-93.5T0 1152V982q119 84 325 127t443 43zM768 0q208 0 385 34.5t280 93.5 103 128v128q0 69-103 128t-280 93.5T768 640t-385-34.5T103 512 0 384V256q0-69 103-128t280-93.5T768 0z\"><\/path>\n    <\/svg><\/span><\/div>\n                <div data-colibri-id=\"6126-c14\" class=\"h-global-transition-all h-heading style-2569 style-local-6126-c14 position-relative h-element\">\n                  <!---->\n                  <div class=\"h-heading__outer style-2569 style-local-6126-c14\">\n                    <!---->\n                    <!---->\n                    <h1 class=\"\"><span style=\"font-size: 100%;\">dataverse<\/span><\/h1>\n                  <\/div>\n                <\/div>\n                <div data-colibri-id=\"6126-c15\" class=\"h-text h-text-component style-2570 style-local-6126-c15 position-relative h-element\">\n                  <!---->\n                  <!---->\n                  <div class=\"\">\n                    <p>Nosso reposit\u00f3rio est\u00e1 no ar.<\/p>\n                  <\/div>\n                <\/div>\n                <div data-colibri-id=\"6126-c16\" class=\"h-x-container style-2571 style-local-6126-c16 position-relative h-element\">\n                  <!---->\n                  <div class=\"h-x-container-inner style-dynamic-6126-c16-group style-2571-spacing style-local-6126-c16-spacing\"><span class=\"h-button__outer style-2572-outer style-local-6126-c17-outer d-inline-flex h-element\"><a h-use-smooth-scroll=\"true\" href=\"https:\/\/dataverse.ideal.ufpb.br\/\"  data-colibri-id=\"6126-c17\" class=\"d-flex w-100 align-items-center h-button justify-content-lg-center justify-content-md-center justify-content-center style-2572 style-local-6126-c17 position-relative\"><!----><span  class=\"h-svg-icon h-button__icon style-2572-icon style-local-6126-c17-icon\"><!--Icon by Font Awesome (https:\/\/fontawesome.com)-->\n    <svg version=\"1.1\" xmlns=\"http:\/\/www.w3.org\/2000\/svg\" xmlns:xlink=\"http:\/\/www.w3.org\/1999\/xlink\" id=\"database\" viewbox=\"0 0 1542.7035 1896.0833\">\n      <path d=\"M768 768q237 0 443-43t325-127v170q0 69-103 128t-280 93.5-385 34.5-385-34.5T103 896 0 768V598q119 84 325 127t443 43zm0 768q237 0 443-43t325-127v170q0 69-103 128t-280 93.5-385 34.5-385-34.5-280-93.5T0 1536v-170q119 84 325 127t443 43zm0-384q237 0 443-43t325-127v170q0 69-103 128t-280 93.5-385 34.5-385-34.5-280-93.5T0 1152V982q119 84 325 127t443 43zM768 0q208 0 385 34.5t280 93.5 103 128v128q0 69-103 128t-280 93.5T768 640t-385-34.5T103 512 0 384V256q0-69 103-128t280-93.5T768 0z\"><\/path>\n    <\/svg><\/span> <span>ACESSE AQUI<\/span><\/a>\n                    <\/span>\n                  <\/div>\n                <\/div>\n              <\/div>\n            <\/div>\n          <\/div>\n          <div class=\"h-column h-column-container d-flex h-col-lg-3 h-col-md-6 h-col-12 style-2567-outer style-local-6126-c18-outer\">\n            <div data-colibri-id=\"6126-c18\" class=\"d-flex h-flex-basis h-column__inner h-px-lg-2 h-px-md-2 h-px-2 v-inner-lg-2 v-inner-md-2 v-inner-2 style-2567 style-local-6126-c18 position-relative\">\n              <!---->\n              <!---->\n              <div class=\"w-100 h-y-container h-column__content h-column__v-align flex-basis-100 align-self-lg-start align-self-md-start align-self-start\">\n                <!---->\n                <div data-colibri-id=\"6126-c19\" class=\"h-icon style-2568 style-local-6126-c19 position-relative h-element\">\n                  <!----><span class=\"h-svg-icon h-icon__icon style-2568-icon style-local-6126-c19-icon\"><!--Icon by Font Awesome (https:\/\/fontawesome.com)-->\n    <svg version=\"1.1\" xmlns=\"http:\/\/www.w3.org\/2000\/svg\" xmlns:xlink=\"http:\/\/www.w3.org\/1999\/xlink\" id=\"files-o\" viewbox=\"0 0 1792 1896.0833\">\n      <path d=\"M1696 384q40 0 68 28t28 68v1216q0 40-28 68t-68 28H736q-40 0-68-28t-28-68v-288H96q-40 0-68-28t-28-68V640q0-40 20-88t48-76L476 68q28-28 76-48t88-20h416q40 0 68 28t28 68v328q68-40 128-40h416zm-544 213L853 896h299V597zM512 213L213 512h299V213zm196 647l316-316V128H640v416q0 40-28 68t-68 28H128v640h512v-256q0-40 20-88t48-76zm956 804V512h-384v416q0 40-28 68t-68 28H768v640h896z\"><\/path>\n    <\/svg><\/span><\/div>\n                <div data-colibri-id=\"6126-c20\" class=\"h-global-transition-all h-heading style-2569 style-local-6126-c20 position-relative h-element\">\n                  <!---->\n                  <div class=\"h-heading__outer style-2569 style-local-6126-c20\">\n                    <!---->\n                    <!---->\n                    <h1 class=\"\">data management<\/h1>\n                  <\/div>\n                <\/div>\n                <div data-colibri-id=\"6126-c21\" class=\"h-text h-text-component style-2570 style-local-6126-c21 position-relative h-element\">\n                  <!---->\n                  <!---->\n                  <div class=\"\">\n                    <p>Get to know our Data Management Policy and clarify your doubts, including data preparation, deposit and licensing policy.<\/p>\n                  <\/div>\n                <\/div>\n              <\/div>\n            <\/div>\n          <\/div>\n          <div class=\"h-column h-column-container d-flex h-col-lg-3 h-col-md-6 h-col-12 style-2567-outer style-local-6126-c22-outer\">\n            <div data-colibri-id=\"6126-c22\" class=\"d-flex h-flex-basis h-column__inner h-px-lg-2 h-px-md-2 h-px-2 v-inner-lg-2 v-inner-md-2 v-inner-2 style-2567 style-local-6126-c22 position-relative\">\n              <!---->\n              <!---->\n              <div class=\"w-100 h-y-container h-column__content h-column__v-align flex-basis-100 align-self-lg-start align-self-md-start align-self-start\">\n                <!---->\n                <div data-colibri-id=\"6126-c23\" class=\"h-icon style-2568 style-local-6126-c23 position-relative h-element\">\n                  <!----><span class=\"h-svg-icon h-icon__icon style-2568-icon style-local-6126-c23-icon\"><!--Icon by Font Awesome (https:\/\/fontawesome.com)-->\n    <svg version=\"1.1\" xmlns=\"http:\/\/www.w3.org\/2000\/svg\" xmlns:xlink=\"http:\/\/www.w3.org\/1999\/xlink\" id=\"institution\" viewbox=\"0 0 2048 1896.0833\">\n      <path d=\"M960 0l960 384v128h-128q0 26-20.5 45t-48.5 19H197q-28 0-48.5-19T128 512H0V384zM256 640h256v768h128V640h256v768h128V640h256v768h128V640h256v768h59q28 0 48.5 19t20.5 45v64H128v-64q0-26 20.5-45t48.5-19h59V640zm1595 960q28 0 48.5 19t20.5 45v128H0v-128q0-26 20.5-45t48.5-19h1782z\"><\/path>\n    <\/svg><\/span><\/div>\n                <div data-colibri-id=\"6126-c24\" class=\"h-global-transition-all h-heading style-2569 style-local-6126-c24 position-relative h-element\">\n                  <!---->\n                  <div class=\"h-heading__outer style-2569 style-local-6126-c24\">\n                    <!---->\n                    <!---->\n                    <h1 class=\"\">collections<\/h1>\n                  <\/div>\n                <\/div>\n                <div data-colibri-id=\"6126-c25\" class=\"h-text h-text-component style-2570 style-local-6126-c25 position-relative h-element\">\n                  <!---->\n                  <!---->\n                  <div class=\"\">\n                    <p>We organize thematic collections with datasets, media and other digital objects from different areas of knowledge. You can propose new collections.<\/p>\n                  <\/div>\n                <\/div>\n              <\/div>\n            <\/div>\n          <\/div>\n        <\/div>\n      <\/div>\n    <\/div>\n  <\/div>\n  <div data-colibri-component=\"section\" data-colibri-id=\"6126-c26\" id=\"reusable-sections\" class=\"h-section h-section-global-spacing d-flex align-items-lg-center align-items-md-center align-items-center style-5107 style-local-6126-c26 position-relative\">\n    <!---->\n    <!---->\n    <div class=\"h-section-grid-container h-section-boxed-container\">\n      <!---->\n      <div data-colibri-id=\"6126-c27\" class=\"h-row-container gutters-row-lg-2 gutters-row-md-2 gutters-row-0 gutters-row-v-lg-2 gutters-row-v-md-2 gutters-row-v-2 style-5108 style-local-6126-c27 position-relative\">\n        <!---->\n        <div class=\"h-row justify-content-lg-center justify-content-md-center justify-content-center align-items-lg-stretch align-items-md-stretch align-items-stretch gutters-col-lg-2 gutters-col-md-2 gutters-col-0 gutters-col-v-lg-2 gutters-col-v-md-2 gutters-col-v-2\">\n          <!---->\n          <div class=\"h-column h-column-container d-flex h-col-lg-auto h-col-md-auto h-col-auto style-5109-outer style-local-6126-c28-outer\">\n            <div data-colibri-id=\"6126-c28\" class=\"d-flex h-flex-basis h-column__inner h-ui-empty-state-container h-px-lg-2 h-px-md-2 h-px-2 v-inner-lg-2 v-inner-md-2 v-inner-2 style-5109 style-local-6126-c28 position-relative\">\n              <!---->\n              <!---->\n              <div class=\"w-100 h-y-container h-column__content h-column__v-align flex-basis-100\">\n                <!---->\n              <\/div>\n            <\/div>\n          <\/div>\n        <\/div>\n      <\/div>\n    <\/div>\n  <\/div>\n<\/div>","protected":false},"excerpt":{"rendered":"<p>Aqui voc\u00ea acessar\u00e1 nosso&nbsp;DATAVERSE e as informa\u00e7\u00f5es &nbsp;para us\u00e1-lo Al\u00e9m de acessar nosso reposit\u00f3rio, voc\u00ea poder\u00e1 conferir nossa Pol\u00edtica de Gest\u00e3o de Dados e explorar ou sugerir cole\u00e7\u00f5es tem\u00e1ticas. dataverse Nosso reposit\u00f3rio est\u00e1 no ar. ACESSE AQUI gest\u00e3o de dados Conhe\u00e7a nossa Pol\u00edtica de Gest\u00e3o de Dados e esclare\u00e7a suas d\u00favidas, incluindo prepara\u00e7\u00e3o de dados, [&hellip;]<\/p>","protected":false},"author":2,"featured_media":0,"parent":700,"menu_order":0,"comment_status":"closed","ping_status":"closed","template":"page-templates\/full-width-page.php","meta":{"footnotes":""},"class_list":["post-6126","page","type-page","status-publish","hentry"],"yoast_head":"<!-- This site is optimized with the Yoast SEO plugin v26.0 - https:\/\/yoast.com\/wordpress\/plugins\/seo\/ -->\n<title>Dados - DATAPB<\/title>\n<meta name=\"robots\" content=\"index, follow, max-snippet:-1, max-image-preview:large, max-video-preview:-1\" \/>\n<link rel=\"canonical\" href=\"https:\/\/datapb.ccae.ufpb.br\/en\/e-science-2\/dados\/\" \/>\n<meta property=\"og:locale\" content=\"en_US\" \/>\n<meta property=\"og:type\" content=\"article\" \/>\n<meta property=\"og:title\" content=\"Dados - DATAPB\" \/>\n<meta property=\"og:description\" content=\"Aqui voc\u00ea acessar\u00e1 nosso&nbsp;DATAVERSE e as informa\u00e7\u00f5es &nbsp;para us\u00e1-lo Al\u00e9m de acessar nosso reposit\u00f3rio, voc\u00ea poder\u00e1 conferir nossa Pol\u00edtica de Gest\u00e3o de Dados e explorar ou sugerir cole\u00e7\u00f5es tem\u00e1ticas. dataverse Nosso reposit\u00f3rio est\u00e1 no ar. ACESSE AQUI gest\u00e3o de dados Conhe\u00e7a nossa Pol\u00edtica de Gest\u00e3o de Dados e esclare\u00e7a suas d\u00favidas, incluindo prepara\u00e7\u00e3o de dados, [&hellip;]\" \/>\n<meta property=\"og:url\" content=\"https:\/\/datapb.ccae.ufpb.br\/en\/e-science-2\/dados\/\" \/>\n<meta property=\"og:site_name\" content=\"DATAPB\" \/>\n<meta property=\"article:modified_time\" content=\"2024-12-17T19:45:06+00:00\" \/>\n<meta name=\"twitter:card\" content=\"summary_large_image\" \/>\n<meta name=\"twitter:label1\" content=\"Est. reading time\" \/>\n\t<meta name=\"twitter:data1\" content=\"1 minute\" \/>\n<script type=\"application\/ld+json\" class=\"yoast-schema-graph\">{\"@context\":\"https:\/\/schema.org\",\"@graph\":[{\"@type\":\"WebPage\",\"@id\":\"https:\/\/datapb.ccae.ufpb.br\/e-science-2\/dados\/\",\"url\":\"https:\/\/datapb.ccae.ufpb.br\/e-science-2\/dados\/\",\"name\":\"Dados - DATAPB\",\"isPartOf\":{\"@id\":\"https:\/\/datapb.ccae.ufpb.br\/#website\"},\"datePublished\":\"2023-01-18T14:12:18+00:00\",\"dateModified\":\"2024-12-17T19:45:06+00:00\",\"breadcrumb\":{\"@id\":\"https:\/\/datapb.ccae.ufpb.br\/e-science-2\/dados\/#breadcrumb\"},\"inLanguage\":\"en-US\",\"potentialAction\":[{\"@type\":\"ReadAction\",\"target\":[\"https:\/\/datapb.ccae.ufpb.br\/e-science-2\/dados\/\"]}]},{\"@type\":\"BreadcrumbList\",\"@id\":\"https:\/\/datapb.ccae.ufpb.br\/e-science-2\/dados\/#breadcrumb\",\"itemListElement\":[{\"@type\":\"ListItem\",\"position\":1,\"name\":\"e-Science\",\"item\":\"https:\/\/datapb.ccae.ufpb.br\/e-science-2\/\"},{\"@type\":\"ListItem\",\"position\":2,\"name\":\"Dados\"}]},{\"@type\":\"WebSite\",\"@id\":\"https:\/\/datapb.ccae.ufpb.br\/#website\",\"url\":\"https:\/\/datapb.ccae.ufpb.br\/\",\"name\":\"DATAPB\",\"description\":\"Ci\u00eancia Aberta para a Sustentabilidade\",\"publisher\":{\"@id\":\"https:\/\/datapb.ccae.ufpb.br\/#organization\"},\"potentialAction\":[{\"@type\":\"SearchAction\",\"target\":{\"@type\":\"EntryPoint\",\"urlTemplate\":\"https:\/\/datapb.ccae.ufpb.br\/?s={search_term_string}\"},\"query-input\":{\"@type\":\"PropertyValueSpecification\",\"valueRequired\":true,\"valueName\":\"search_term_string\"}}],\"inLanguage\":\"en-US\"},{\"@type\":\"Organization\",\"@id\":\"https:\/\/datapb.ccae.ufpb.br\/#organization\",\"name\":\"DATAPB\",\"url\":\"https:\/\/datapb.ccae.ufpb.br\/\",\"logo\":{\"@type\":\"ImageObject\",\"inLanguage\":\"en-US\",\"@id\":\"https:\/\/datapb.ccae.ufpb.br\/#\/schema\/logo\/image\/\",\"url\":\"\",\"contentUrl\":\"\",\"caption\":\"DATAPB\"},\"image\":{\"@id\":\"https:\/\/datapb.ccae.ufpb.br\/#\/schema\/logo\/image\/\"}}]}<\/script>\n<!-- \/ Yoast SEO plugin. -->","yoast_head_json":{"title":"Dados - DATAPB","robots":{"index":"index","follow":"follow","max-snippet":"max-snippet:-1","max-image-preview":"max-image-preview:large","max-video-preview":"max-video-preview:-1"},"canonical":"https:\/\/datapb.ccae.ufpb.br\/en\/e-science-2\/dados\/","og_locale":"en_US","og_type":"article","og_title":"Dados - DATAPB","og_description":"Aqui voc\u00ea acessar\u00e1 nosso&nbsp;DATAVERSE e as informa\u00e7\u00f5es &nbsp;para us\u00e1-lo Al\u00e9m de acessar nosso reposit\u00f3rio, voc\u00ea poder\u00e1 conferir nossa Pol\u00edtica de Gest\u00e3o de Dados e explorar ou sugerir cole\u00e7\u00f5es tem\u00e1ticas. dataverse Nosso reposit\u00f3rio est\u00e1 no ar. ACESSE AQUI gest\u00e3o de dados Conhe\u00e7a nossa Pol\u00edtica de Gest\u00e3o de Dados e esclare\u00e7a suas d\u00favidas, incluindo prepara\u00e7\u00e3o de dados, [&hellip;]","og_url":"https:\/\/datapb.ccae.ufpb.br\/en\/e-science-2\/dados\/","og_site_name":"DATAPB","article_modified_time":"2024-12-17T19:45:06+00:00","twitter_card":"summary_large_image","twitter_misc":{"Est. reading time":"1 minute"},"schema":{"@context":"https:\/\/schema.org","@graph":[{"@type":"WebPage","@id":"https:\/\/datapb.ccae.ufpb.br\/e-science-2\/dados\/","url":"https:\/\/datapb.ccae.ufpb.br\/e-science-2\/dados\/","name":"Dados - DATAPB","isPartOf":{"@id":"https:\/\/datapb.ccae.ufpb.br\/#website"},"datePublished":"2023-01-18T14:12:18+00:00","dateModified":"2024-12-17T19:45:06+00:00","breadcrumb":{"@id":"https:\/\/datapb.ccae.ufpb.br\/e-science-2\/dados\/#breadcrumb"},"inLanguage":"en-US","potentialAction":[{"@type":"ReadAction","target":["https:\/\/datapb.ccae.ufpb.br\/e-science-2\/dados\/"]}]},{"@type":"BreadcrumbList","@id":"https:\/\/datapb.ccae.ufpb.br\/e-science-2\/dados\/#breadcrumb","itemListElement":[{"@type":"ListItem","position":1,"name":"e-Science","item":"https:\/\/datapb.ccae.ufpb.br\/e-science-2\/"},{"@type":"ListItem","position":2,"name":"Dados"}]},{"@type":"WebSite","@id":"https:\/\/datapb.ccae.ufpb.br\/#website","url":"https:\/\/datapb.ccae.ufpb.br\/","name":"DATAPB","description":"Ci\u00eancia Aberta para a Sustentabilidade","publisher":{"@id":"https:\/\/datapb.ccae.ufpb.br\/#organization"},"potentialAction":[{"@type":"SearchAction","target":{"@type":"EntryPoint","urlTemplate":"https:\/\/datapb.ccae.ufpb.br\/?s={search_term_string}"},"query-input":{"@type":"PropertyValueSpecification","valueRequired":true,"valueName":"search_term_string"}}],"inLanguage":"en-US"},{"@type":"Organization","@id":"https:\/\/datapb.ccae.ufpb.br\/#organization","name":"DATAPB","url":"https:\/\/datapb.ccae.ufpb.br\/","logo":{"@type":"ImageObject","inLanguage":"en-US","@id":"https:\/\/datapb.ccae.ufpb.br\/#\/schema\/logo\/image\/","url":"","contentUrl":"","caption":"DATAPB"},"image":{"@id":"https:\/\/datapb.ccae.ufpb.br\/#\/schema\/logo\/image\/"}}]}},"_links":{"self":[{"href":"https:\/\/datapb.ccae.ufpb.br\/en\/wp-json\/wp\/v2\/pages\/6126","targetHints":{"allow":["GET"]}}],"collection":[{"href":"https:\/\/datapb.ccae.ufpb.br\/en\/wp-json\/wp\/v2\/pages"}],"about":[{"href":"https:\/\/datapb.ccae.ufpb.br\/en\/wp-json\/wp\/v2\/types\/page"}],"author":[{"embeddable":true,"href":"https:\/\/datapb.ccae.ufpb.br\/en\/wp-json\/wp\/v2\/users\/2"}],"replies":[{"embeddable":true,"href":"https:\/\/datapb.ccae.ufpb.br\/en\/wp-json\/wp\/v2\/comments?post=6126"}],"version-history":[{"count":3,"href":"https:\/\/datapb.ccae.ufpb.br\/en\/wp-json\/wp\/v2\/pages\/6126\/revisions"}],"predecessor-version":[{"id":17437,"href":"https:\/\/datapb.ccae.ufpb.br\/en\/wp-json\/wp\/v2\/pages\/6126\/revisions\/17437"}],"up":[{"embeddable":true,"href":"https:\/\/datapb.ccae.ufpb.br\/en\/wp-json\/wp\/v2\/pages\/700"}],"wp:attachment":[{"href":"https:\/\/datapb.ccae.ufpb.br\/en\/wp-json\/wp\/v2\/media?parent=6126"}],"curies":[{"name":"wp","href":"https:\/\/api.w.org\/{rel}","templated":true}]}}